{"id":539,"date":"2026-03-24T16:23:09","date_gmt":"2026-03-24T16:23:09","guid":{"rendered":"https:\/\/client22.s1.notaires-ia.fr\/?page_id=539"},"modified":"2026-04-15T14:15:29","modified_gmt":"2026-04-15T14:15:29","slug":"contact-2","status":"publish","type":"page","link":"https:\/\/client22.s1.notaires-ia.fr\/?page_id=539","title":{"rendered":"Contact"},"content":{"rendered":"\t\t<div data-elementor-type=\"wp-page\" data-elementor-id=\"539\" class=\"elementor elementor-539\" data-elementor-post-type=\"page\">\n\t\t\t\t<div class=\"elementor-element elementor-element-5028ff22 e-flex e-con-boxed elementor-invisible e-con e-parent\" data-id=\"5028ff22\" data-element_type=\"container\" data-e-type=\"container\" data-settings=\"{&quot;animation&quot;:&quot;fadeIn&quot;}\">\n\t\t\t\t\t<div class=\"e-con-inner\">\n\t\t<div class=\"elementor-element elementor-element-6944651f e-con-full e-flex e-con e-child\" data-id=\"6944651f\" data-element_type=\"container\" data-e-type=\"container\">\n\t\t\t\t<div class=\"elementor-element elementor-element-562d3511 elementor-widget elementor-widget-elementskit-heading\" data-id=\"562d3511\" data-element_type=\"widget\" data-e-type=\"widget\" data-widget_type=\"elementskit-heading.default\">\n\t\t\t\t\t<div class=\"ekit-wid-con\" ><div class=\"ekit-heading elementskit-section-title-wraper text_left   ekit_heading_tablet-   ekit_heading_mobile-\"><h2 class=\"ekit-heading--title elementskit-section-title \">Nous contacter<\/h2><\/div><\/div>\t\t\t\t<\/div>\n\t\t<div class=\"elementor-element elementor-element-4e5ce0e e-flex e-con-boxed e-con e-child\" data-id=\"4e5ce0e\" data-element_type=\"container\" data-e-type=\"container\">\n\t\t\t\t\t<div class=\"e-con-inner\">\n\t\t\t\t<div class=\"elementor-element elementor-element-352122ec elementor-widget-mobile__width-initial elementor-widget__width-initial ekit-equal-height-disable elementor-widget elementor-widget-elementskit-icon-box\" data-id=\"352122ec\" data-element_type=\"widget\" data-e-type=\"widget\" data-widget_type=\"elementskit-icon-box.default\">\n\t\t\t\t\t<div class=\"ekit-wid-con\" >        <!-- link opening -->\n                <!-- end link opening -->\n\n        <div class=\"elementskit-infobox text-left text-left icon-top-align elementor-animation-   \">\n                            <div class=\"elementskit-box-header\">\n                <div class=\"elementskit-info-box-icon \">\n                    <img decoding=\"async\" src=\"https:\/\/client22.s1.notaires-ia.fr\/wp-content\/uploads\/2026\/03\/icon-7-1.png\" class=\"attachment- size-\" alt=\"\" \/>                <\/div>\n          <\/div>\n                <div class=\"box-body\">\n                            <h3 class=\"elementskit-info-box-title\">\n                    +33 1 42 66 55 66                <\/h3>\n                        \t\t  \t<p>T\u00e9l\u00e9phone<\/p>\n                                <\/div>\n        \n        \n                <\/div>\n        <\/div>\t\t\t\t<\/div>\n\t\t\t\t\t<\/div>\n\t\t\t\t<\/div>\n\t\t\t\t<div class=\"elementor-element elementor-element-712ffb3f elementor-widget-mobile__width-initial ekit-equal-height-disable elementor-widget elementor-widget-elementskit-icon-box\" data-id=\"712ffb3f\" data-element_type=\"widget\" data-e-type=\"widget\" data-widget_type=\"elementskit-icon-box.default\">\n\t\t\t\t\t<div class=\"ekit-wid-con\" >        <!-- link opening -->\n                <!-- end link opening -->\n\n        <div class=\"elementskit-infobox text-left text-left icon-top-align elementor-animation-   \">\n                            <div class=\"elementskit-box-header\">\n                <div class=\"elementskit-info-box-icon \">\n                    <img decoding=\"async\" src=\"https:\/\/client22.s1.notaires-ia.fr\/wp-content\/uploads\/2026\/03\/icon-9-1.png\" class=\"attachment- size-\" alt=\"\" \/>                <\/div>\n          <\/div>\n                <div class=\"box-body\">\n                            <h3 class=\"elementskit-info-box-title\">\n                    42, boulevard Malesherbes 75008 Paris                <\/h3>\n                        \t\t  \t<p>Adresse<\/p>\n                                <\/div>\n        \n        \n                <\/div>\n        <\/div>\t\t\t\t<\/div>\n\t\t\t\t<\/div>\n\t\t<div class=\"elementor-element elementor-element-787f6be8 e-con-full e-flex e-con e-child\" data-id=\"787f6be8\" data-element_type=\"container\" data-e-type=\"container\">\n\t\t<div class=\"elementor-element elementor-element-85f0659 e-con-full e-flex e-con e-child\" data-id=\"85f0659\" data-element_type=\"container\" data-e-type=\"container\">\n\t\t\t\t<div class=\"elementor-element elementor-element-83d1b20 elementor-button-align-stretch elementor-widget elementor-widget-form\" data-id=\"83d1b20\" data-element_type=\"widget\" data-e-type=\"widget\" data-settings=\"{&quot;step_next_label&quot;:&quot;Next&quot;,&quot;step_previous_label&quot;:&quot;Previous&quot;,&quot;button_width&quot;:&quot;100&quot;,&quot;step_type&quot;:&quot;number_text&quot;,&quot;step_icon_shape&quot;:&quot;circle&quot;}\" data-widget_type=\"form.default\">\n\t\t\t\t\t\t\t<form class=\"elementor-form\" method=\"post\" name=\"Formulaire n\u00e9gociation immobili\u00e8re\" aria-label=\"Formulaire n\u00e9gociation immobili\u00e8re\">\n\t\t\t<input type=\"hidden\" name=\"post_id\" value=\"539\"\/>\n\t\t\t<input type=\"hidden\" name=\"form_id\" value=\"83d1b20\"\/>\n\t\t\t<input type=\"hidden\" name=\"referer_title\" value=\"Contact - DMA-1791\" \/>\n\n\t\t\t\t\t\t\t<input type=\"hidden\" name=\"queried_id\" value=\"539\"\/>\n\t\t\t\n\t\t\t<div class=\"elementor-form-fields-wrapper elementor-labels-above\">\n\t\t\t\t\t\t\t\t<div class=\"elementor-field-type-text elementor-field-group elementor-column elementor-field-group-name elementor-col-100 elementor-field-required elementor-mark-required\">\n\t\t\t\t\t\t\t\t\t\t\t\t<label for=\"form-field-name\" class=\"elementor-field-label\">\n\t\t\t\t\t\t\t\tNom Pr\u00e9nom\t\t\t\t\t\t\t<\/label>\n\t\t\t\t\t\t\t\t\t\t\t\t\t\t<input size=\"1\" type=\"text\" name=\"form_fields[name]\" id=\"form-field-name\" class=\"elementor-field elementor-size-sm  elementor-field-textual\" placeholder=\"Jean Didier\" required=\"required\">\n\t\t\t\t\t\t\t\t\t\t\t<\/div>\n\t\t\t\t\t\t\t\t<div class=\"elementor-field-type-email elementor-field-group elementor-column elementor-field-group-email elementor-col-100 elementor-field-required elementor-mark-required\">\n\t\t\t\t\t\t\t\t\t\t\t\t<label for=\"form-field-email\" class=\"elementor-field-label\">\n\t\t\t\t\t\t\t\tEmail\t\t\t\t\t\t\t<\/label>\n\t\t\t\t\t\t\t\t\t\t\t\t\t\t<input size=\"1\" type=\"email\" name=\"form_fields[email]\" id=\"form-field-email\" class=\"elementor-field elementor-size-sm  elementor-field-textual\" placeholder=\"jean.didier@gmail.com\" required=\"required\">\n\t\t\t\t\t\t\t\t\t\t\t<\/div>\n\t\t\t\t\t\t\t\t<div class=\"elementor-field-type-textarea elementor-field-group elementor-column elementor-field-group-field_49b53b8 elementor-col-100 elementor-field-required elementor-mark-required\">\n\t\t\t\t\t\t\t\t\t\t\t\t<label for=\"form-field-field_49b53b8\" class=\"elementor-field-label\">\n\t\t\t\t\t\t\t\tT\u00e9l\u00e9phone\t\t\t\t\t\t\t<\/label>\n\t\t\t\t\t\t<textarea class=\"elementor-field-textual elementor-field  elementor-size-sm\" name=\"form_fields[field_49b53b8]\" id=\"form-field-field_49b53b8\" rows=\"4\" placeholder=\"06 00 00 00 00\" required=\"required\"><\/textarea>\t\t\t\t<\/div>\n\t\t\t\t\t\t\t\t<div class=\"elementor-field-type-text elementor-field-group elementor-column elementor-field-group-field_cf56780 elementor-col-100 elementor-field-required elementor-mark-required\">\n\t\t\t\t\t\t\t\t\t\t\t\t<label for=\"form-field-field_cf56780\" class=\"elementor-field-label\">\n\t\t\t\t\t\t\t\tMotif\t\t\t\t\t\t\t<\/label>\n\t\t\t\t\t\t\t\t\t\t\t\t\t\t<input size=\"1\" type=\"text\" name=\"form_fields[field_cf56780]\" id=\"form-field-field_cf56780\" class=\"elementor-field elementor-size-sm  elementor-field-textual\" placeholder=\"Succession, Donation, Vente...\" required=\"required\">\n\t\t\t\t\t\t\t\t\t\t\t<\/div>\n\t\t\t\t\t\t\t\t<div class=\"elementor-field-type-textarea elementor-field-group elementor-column elementor-field-group-message elementor-col-100 elementor-field-required elementor-mark-required\">\n\t\t\t\t\t\t\t\t\t\t\t\t<label for=\"form-field-message\" class=\"elementor-field-label\">\n\t\t\t\t\t\t\t\tMessage\t\t\t\t\t\t\t<\/label>\n\t\t\t\t\t\t<textarea class=\"elementor-field-textual elementor-field  elementor-size-sm\" name=\"form_fields[message]\" id=\"form-field-message\" rows=\"4\" placeholder=\"Partagez-nous quelques mots sur votre situation ou votre projet. Notre \u00e9quipe vous recontactera dans les meilleurs d\u00e9lais pour convenir d&#039;un premier \u00e9change.\" required=\"required\"><\/textarea>\t\t\t\t<\/div>\n\t\t\t\t\t\t\t\t<div class=\"elementor-field-group elementor-column elementor-field-type-submit elementor-col-100 e-form__buttons\">\n\t\t\t\t\t<button class=\"elementor-button elementor-size-sm\" type=\"submit\">\n\t\t\t\t\t\t<span class=\"elementor-button-content-wrapper\">\n\t\t\t\t\t\t\t\t\t\t\t\t\t\t\t\t\t\t\t\t\t\t<span class=\"elementor-button-text\">Envoyer<\/span>\n\t\t\t\t\t\t\t\t\t\t\t\t\t<\/span>\n\t\t\t\t\t<\/button>\n\t\t\t\t<\/div>\n\t\t\t<\/div>\n\t\t<\/form>\n\t\t\t\t\t\t<\/div>\n\t\t\t\t<\/div>\n\t\t\t\t<\/div>\n\t\t\t\t\t<\/div>\n\t\t\t\t<\/div>\n\t\t<div class=\"elementor-element elementor-element-4e56338b e-flex e-con-boxed elementor-invisible e-con e-parent\" data-id=\"4e56338b\" data-element_type=\"container\" data-e-type=\"container\" data-settings=\"{&quot;animation&quot;:&quot;fadeIn&quot;}\">\n\t\t\t\t\t<div class=\"e-con-inner\">\n\t\t\t\t<div class=\"elementor-element elementor-element-8a350db elementor-widget elementor-widget-google_maps\" data-id=\"8a350db\" data-element_type=\"widget\" data-e-type=\"widget\" data-widget_type=\"google_maps.default\">\n\t\t\t\t\t\t\t<div class=\"elementor-custom-embed\">\n\t\t\t<iframe loading=\"lazy\"\n\t\t\t\t\tsrc=\"https:\/\/maps.google.com\/maps?q=42%2C%20boulevard%20Malesherbes%2075008%20Paris&#038;t=m&#038;z=14&#038;output=embed&#038;iwloc=near\"\n\t\t\t\t\ttitle=\"42, boulevard Malesherbes 75008 Paris\"\n\t\t\t\t\taria-label=\"42, boulevard Malesherbes 75008 Paris\"\n\t\t\t><\/iframe>\n\t\t<\/div>\n\t\t\t\t\t\t<\/div>\n\t\t\t\t\t<\/div>\n\t\t\t\t<\/div>\n\t\t\t\t<\/div>\n\t\t","protected":false},"excerpt":{"rendered":"<p>Nous contacter +33 1 42 66 55 66 T\u00e9l\u00e9phone 42, boulevard Malesherbes 75008 Paris Adresse<\/p>\n","protected":false},"author":2,"featured_media":0,"parent":0,"menu_order":0,"comment_status":"closed","ping_status":"closed","template":"elementor_canvas","meta":{"apbe_headline":"","apbe_seo_keywords":"","apbe_slug":"","apbe_summary":"","apbe_social":"","footnotes":""},"class_list":["post-539","page","type-page","status-publish","hentry"],"yoast_head":"<!-- This site is optimized with the Yoast SEO plugin v27.2 - https:\/\/yoast.com\/product\/yoast-seo-wordpress\/ -->\n<title>Contact - DMA-1791<\/title>\n<meta name=\"robots\" content=\"index, follow, max-snippet:-1, max-image-preview:large, max-video-preview:-1\" \/>\n<link rel=\"canonical\" href=\"https:\/\/client22.s1.notaires-ia.fr\/?page_id=539\" \/>\n<meta property=\"og:locale\" content=\"fr_FR\" \/>\n<meta property=\"og:type\" content=\"article\" \/>\n<meta property=\"og:title\" content=\"Contact - DMA-1791\" \/>\n<meta property=\"og:description\" content=\"Nous contacter +33 1 42 66 55 66 T\u00e9l\u00e9phone 42, boulevard Malesherbes 75008 Paris Adresse\" \/>\n<meta property=\"og:url\" content=\"https:\/\/client22.s1.notaires-ia.fr\/?page_id=539\" \/>\n<meta property=\"og:site_name\" content=\"DMA-1791\" \/>\n<meta property=\"article:modified_time\" content=\"2026-04-15T14:15:29+00:00\" \/>\n<meta property=\"og:image\" content=\"https:\/\/client22.s1.notaires-ia.fr\/wp-content\/uploads\/2026\/03\/icon-7-1.png\" \/>\n<meta name=\"twitter:card\" content=\"summary_large_image\" \/>\n<meta name=\"twitter:label1\" content=\"Dur\u00e9e de lecture estim\u00e9e\" \/>\n\t<meta name=\"twitter:data1\" content=\"1 minute\" \/>\n<script type=\"application\/ld+json\" class=\"yoast-schema-graph\">{\"@context\":\"https:\/\/schema.org\",\"@graph\":[{\"@type\":\"WebPage\",\"@id\":\"https:\/\/client22.s1.notaires-ia.fr\/?page_id=539\",\"url\":\"https:\/\/client22.s1.notaires-ia.fr\/?page_id=539\",\"name\":\"Contact - DMA-1791\",\"isPartOf\":{\"@id\":\"https:\/\/client22.s1.notaires-ia.fr\/#website\"},\"primaryImageOfPage\":{\"@id\":\"https:\/\/client22.s1.notaires-ia.fr\/?page_id=539#primaryimage\"},\"image\":{\"@id\":\"https:\/\/client22.s1.notaires-ia.fr\/?page_id=539#primaryimage\"},\"thumbnailUrl\":\"https:\/\/client22.s1.notaires-ia.fr\/wp-content\/uploads\/2026\/03\/icon-7-1.png\",\"datePublished\":\"2026-03-24T16:23:09+00:00\",\"dateModified\":\"2026-04-15T14:15:29+00:00\",\"breadcrumb\":{\"@id\":\"https:\/\/client22.s1.notaires-ia.fr\/?page_id=539#breadcrumb\"},\"inLanguage\":\"fr-FR\",\"potentialAction\":[{\"@type\":\"ReadAction\",\"target\":[\"https:\/\/client22.s1.notaires-ia.fr\/?page_id=539\"]}]},{\"@type\":\"ImageObject\",\"inLanguage\":\"fr-FR\",\"@id\":\"https:\/\/client22.s1.notaires-ia.fr\/?page_id=539#primaryimage\",\"url\":\"https:\/\/client22.s1.notaires-ia.fr\/wp-content\/uploads\/2026\/03\/icon-7-1.png\",\"contentUrl\":\"https:\/\/client22.s1.notaires-ia.fr\/wp-content\/uploads\/2026\/03\/icon-7-1.png\"},{\"@type\":\"BreadcrumbList\",\"@id\":\"https:\/\/client22.s1.notaires-ia.fr\/?page_id=539#breadcrumb\",\"itemListElement\":[{\"@type\":\"ListItem\",\"position\":1,\"name\":\"Home\",\"item\":\"https:\/\/client22.s1.notaires-ia.fr\/\"},{\"@type\":\"ListItem\",\"position\":2,\"name\":\"Contact\"}]},{\"@type\":\"WebSite\",\"@id\":\"https:\/\/client22.s1.notaires-ia.fr\/#website\",\"url\":\"https:\/\/client22.s1.notaires-ia.fr\/\",\"name\":\"DMA-1791\",\"description\":\"\",\"potentialAction\":[{\"@type\":\"SearchAction\",\"target\":{\"@type\":\"EntryPoint\",\"urlTemplate\":\"https:\/\/client22.s1.notaires-ia.fr\/?s={search_term_string}\"},\"query-input\":{\"@type\":\"PropertyValueSpecification\",\"valueRequired\":true,\"valueName\":\"search_term_string\"}}],\"inLanguage\":\"fr-FR\"}]}<\/script>\n<!-- \/ Yoast SEO plugin. -->","yoast_head_json":{"title":"Contact - DMA-1791","robots":{"index":"index","follow":"follow","max-snippet":"max-snippet:-1","max-image-preview":"max-image-preview:large","max-video-preview":"max-video-preview:-1"},"canonical":"https:\/\/client22.s1.notaires-ia.fr\/?page_id=539","og_locale":"fr_FR","og_type":"article","og_title":"Contact - DMA-1791","og_description":"Nous contacter +33 1 42 66 55 66 T\u00e9l\u00e9phone 42, boulevard Malesherbes 75008 Paris Adresse","og_url":"https:\/\/client22.s1.notaires-ia.fr\/?page_id=539","og_site_name":"DMA-1791","article_modified_time":"2026-04-15T14:15:29+00:00","og_image":[{"url":"https:\/\/client22.s1.notaires-ia.fr\/wp-content\/uploads\/2026\/03\/icon-7-1.png","type":"","width":"","height":""}],"twitter_card":"summary_large_image","twitter_misc":{"Dur\u00e9e de lecture estim\u00e9e":"1 minute"},"schema":{"@context":"https:\/\/schema.org","@graph":[{"@type":"WebPage","@id":"https:\/\/client22.s1.notaires-ia.fr\/?page_id=539","url":"https:\/\/client22.s1.notaires-ia.fr\/?page_id=539","name":"Contact - DMA-1791","isPartOf":{"@id":"https:\/\/client22.s1.notaires-ia.fr\/#website"},"primaryImageOfPage":{"@id":"https:\/\/client22.s1.notaires-ia.fr\/?page_id=539#primaryimage"},"image":{"@id":"https:\/\/client22.s1.notaires-ia.fr\/?page_id=539#primaryimage"},"thumbnailUrl":"https:\/\/client22.s1.notaires-ia.fr\/wp-content\/uploads\/2026\/03\/icon-7-1.png","datePublished":"2026-03-24T16:23:09+00:00","dateModified":"2026-04-15T14:15:29+00:00","breadcrumb":{"@id":"https:\/\/client22.s1.notaires-ia.fr\/?page_id=539#breadcrumb"},"inLanguage":"fr-FR","potentialAction":[{"@type":"ReadAction","target":["https:\/\/client22.s1.notaires-ia.fr\/?page_id=539"]}]},{"@type":"ImageObject","inLanguage":"fr-FR","@id":"https:\/\/client22.s1.notaires-ia.fr\/?page_id=539#primaryimage","url":"https:\/\/client22.s1.notaires-ia.fr\/wp-content\/uploads\/2026\/03\/icon-7-1.png","contentUrl":"https:\/\/client22.s1.notaires-ia.fr\/wp-content\/uploads\/2026\/03\/icon-7-1.png"},{"@type":"BreadcrumbList","@id":"https:\/\/client22.s1.notaires-ia.fr\/?page_id=539#breadcrumb","itemListElement":[{"@type":"ListItem","position":1,"name":"Home","item":"https:\/\/client22.s1.notaires-ia.fr\/"},{"@type":"ListItem","position":2,"name":"Contact"}]},{"@type":"WebSite","@id":"https:\/\/client22.s1.notaires-ia.fr\/#website","url":"https:\/\/client22.s1.notaires-ia.fr\/","name":"DMA-1791","description":"","potentialAction":[{"@type":"SearchAction","target":{"@type":"EntryPoint","urlTemplate":"https:\/\/client22.s1.notaires-ia.fr\/?s={search_term_string}"},"query-input":{"@type":"PropertyValueSpecification","valueRequired":true,"valueName":"search_term_string"}}],"inLanguage":"fr-FR"}]}},"_links":{"self":[{"href":"https:\/\/client22.s1.notaires-ia.fr\/index.php?rest_route=\/wp\/v2\/pages\/539","targetHints":{"allow":["GET"]}}],"collection":[{"href":"https:\/\/client22.s1.notaires-ia.fr\/index.php?rest_route=\/wp\/v2\/pages"}],"about":[{"href":"https:\/\/client22.s1.notaires-ia.fr\/index.php?rest_route=\/wp\/v2\/types\/page"}],"author":[{"embeddable":true,"href":"https:\/\/client22.s1.notaires-ia.fr\/index.php?rest_route=\/wp\/v2\/users\/2"}],"replies":[{"embeddable":true,"href":"https:\/\/client22.s1.notaires-ia.fr\/index.php?rest_route=%2Fwp%2Fv2%2Fcomments&post=539"}],"version-history":[{"count":40,"href":"https:\/\/client22.s1.notaires-ia.fr\/index.php?rest_route=\/wp\/v2\/pages\/539\/revisions"}],"predecessor-version":[{"id":1338,"href":"https:\/\/client22.s1.notaires-ia.fr\/index.php?rest_route=\/wp\/v2\/pages\/539\/revisions\/1338"}],"wp:attachment":[{"href":"https:\/\/client22.s1.notaires-ia.fr\/index.php?rest_route=%2Fwp%2Fv2%2Fmedia&parent=539"}],"curies":[{"name":"wp","href":"https:\/\/api.w.org\/{rel}","templated":true}]}}