{"id":1137,"date":"2026-04-15T07:29:50","date_gmt":"2026-04-15T07:29:50","guid":{"rendered":"https:\/\/client22.s1.notaires-ia.fr\/?page_id=1137"},"modified":"2026-04-15T14:09:03","modified_gmt":"2026-04-15T14:09:03","slug":"negociation-immobiliere","status":"publish","type":"page","link":"https:\/\/client22.s1.notaires-ia.fr\/?page_id=1137","title":{"rendered":"N\u00e9gociation immobili\u00e8re"},"content":{"rendered":"\t\t<div data-elementor-type=\"wp-page\" data-elementor-id=\"1137\" class=\"elementor elementor-1137\" data-elementor-post-type=\"page\">\n\t\t\t\t<div class=\"elementor-element elementor-element-d0c7201 e-flex e-con-boxed e-con e-parent\" data-id=\"d0c7201\" data-element_type=\"container\" data-e-type=\"container\" data-settings=\"{&quot;background_background&quot;:&quot;classic&quot;}\">\n\t\t\t\t\t<div class=\"e-con-inner\">\n\t\t\t\t<div class=\"elementor-element elementor-element-5de96b5 elementor-widget elementor-widget-heading\" data-id=\"5de96b5\" data-element_type=\"widget\" data-e-type=\"widget\" data-widget_type=\"heading.default\">\n\t\t\t\t\t<h1 class=\"elementor-heading-title elementor-size-default\">N\u00e9gociation immobili\u00e8re<\/h1>\t\t\t\t<\/div>\n\t\t\t\t<div class=\"elementor-element elementor-element-d7f02bf elementor-widget elementor-widget-heading\" data-id=\"d7f02bf\" data-element_type=\"widget\" data-e-type=\"widget\" data-widget_type=\"heading.default\">\n\t\t\t\t\t<h1 class=\"elementor-heading-title elementor-size-default\">La discr\u00e9tion et la s\u00e9curit\u00e9 du notariat au service de vos projets immobiliers<\/h1>\t\t\t\t<\/div>\n\t\t\t\t\t<\/div>\n\t\t\t\t<\/div>\n\t\t<div class=\"elementor-element elementor-element-e02c1a5 e-flex e-con-boxed e-con e-parent\" data-id=\"e02c1a5\" data-element_type=\"container\" data-e-type=\"container\">\n\t\t\t\t\t<div class=\"e-con-inner\">\n\t\t\t\t<div class=\"elementor-element elementor-element-fa89524 elementor-widget elementor-widget-text-editor\" data-id=\"fa89524\" data-element_type=\"widget\" data-e-type=\"widget\" data-widget_type=\"text-editor.default\">\n\t\t\t\t\t\t\t\t\t<p class=\"font-claude-response-body break-words whitespace-normal leading-[1.7]\">Notre \u00e9tude vous accompagne dans la vente et l&rsquo;acquisition de biens immobiliers avec l&rsquo;exigence et la confidentialit\u00e9 propres au notariat. En confiant votre projet \u00e0 DMA 1791 vous b\u00e9n\u00e9ficiez d&rsquo;une approche int\u00e9gr\u00e9e o\u00f9 la recherche de contrepartie la n\u00e9gociation et la s\u00e9curit\u00e9 juridique de l&rsquo;op\u00e9ration sont conduites par les m\u00eames \u00e9quipes. Notre connaissance fine des patrimoines et notre r\u00e9seau d&rsquo;acqu\u00e9reurs et de vendeurs qualifi\u00e9s issus de notre client\u00e8le institutionnelle et familiale constituent notre principale valeur ajout\u00e9e.<\/p>\t\t\t\t\t\t\t\t<\/div>\n\t\t\t\t\t<\/div>\n\t\t\t\t<\/div>\n\t\t<div class=\"elementor-element elementor-element-949c90d e-flex e-con-boxed e-con e-parent\" data-id=\"949c90d\" data-element_type=\"container\" data-e-type=\"container\">\n\t\t\t\t\t<div class=\"e-con-inner\">\n\t\t<div class=\"elementor-element elementor-element-fd1b644 e-con-full e-flex e-con e-child\" data-id=\"fd1b644\" data-element_type=\"container\" data-e-type=\"container\">\n\t\t\t\t<div class=\"elementor-element elementor-element-ed9bf64 elementor-widget elementor-widget-heading\" data-id=\"ed9bf64\" data-element_type=\"widget\" data-e-type=\"widget\" data-widget_type=\"heading.default\">\n\t\t\t\t\t<h2 class=\"elementor-heading-title elementor-size-default\">Vous souhaitez vendre ?<\/h2>\t\t\t\t<\/div>\n\t\t\t\t<div class=\"elementor-element elementor-element-017e9c9 elementor-widget__width-initial elementor-widget elementor-widget-text-editor\" data-id=\"017e9c9\" data-element_type=\"widget\" data-e-type=\"widget\" data-widget_type=\"text-editor.default\">\n\t\t\t\t\t\t\t\t\t<p class=\"font-claude-response-body break-words whitespace-normal leading-[1.7]\">Nous mettons notre discr\u00e9tion et notre expertise au service de la valorisation de votre bien.<\/p>\t\t\t\t\t\t\t\t<\/div>\n\t\t\t\t<div class=\"elementor-element elementor-element-d0b305b elementor-widget__width-initial elementor-widget elementor-widget-text-editor\" data-id=\"d0b305b\" data-element_type=\"widget\" data-e-type=\"widget\" data-widget_type=\"text-editor.default\">\n\t\t\t\t\t\t\t\t\t<ul><li>Estimation r\u00e9alis\u00e9e par nos notaires et fond\u00e9e sur les donn\u00e9es r\u00e9elles du march\u00e9<\/li><\/ul><ul class=\"[li_&amp;]:mb-0 [li_&amp;]:mt-1 [li_&amp;]:gap-1 [&amp;:not(:last-child)_ul]:pb-1 [&amp;:not(:last-child)_ol]:pb-1 list-disc flex flex-col gap-1 pl-8 mb-3\"><li class=\"whitespace-normal break-words pl-2\">Diffusion confidentielle aupr\u00e8s d&rsquo;un vivier d&rsquo;acqu\u00e9reurs qualifi\u00e9s<\/li><li class=\"whitespace-normal break-words pl-2\">N\u00e9gociation conduite par votre notaire dans votre seul int\u00e9r\u00eat<\/li><li class=\"whitespace-normal break-words pl-2\">S\u00e9curit\u00e9 juridique et fiscale de la transaction garantie de bout en bout<\/li><\/ul>\t\t\t\t\t\t\t\t<\/div>\n\t\t\t\t<\/div>\n\t\t<div class=\"elementor-element elementor-element-e188dea e-con-full e-flex e-con e-child\" data-id=\"e188dea\" data-element_type=\"container\" data-e-type=\"container\">\n\t\t\t\t<div class=\"elementor-element elementor-element-8a0cb16 elementor-widget elementor-widget-heading\" data-id=\"8a0cb16\" data-element_type=\"widget\" data-e-type=\"widget\" data-widget_type=\"heading.default\">\n\t\t\t\t\t<h2 class=\"elementor-heading-title elementor-size-default\">Vous recherchez un bien ?<\/h2>\t\t\t\t<\/div>\n\t\t\t\t<div class=\"elementor-element elementor-element-070e38a elementor-widget__width-initial elementor-widget elementor-widget-text-editor\" data-id=\"070e38a\" data-element_type=\"widget\" data-e-type=\"widget\" data-widget_type=\"text-editor.default\">\n\t\t\t\t\t\t\t\t\t<p class=\"font-claude-response-body break-words whitespace-normal leading-[1.7]\">Nous vous accompagnons dans l&rsquo;identification et l&rsquo;acquisition du bien correspondant \u00e0 votre projet.<\/p>\t\t\t\t\t\t\t\t<\/div>\n\t\t\t\t<div class=\"elementor-element elementor-element-f347eb0 elementor-widget__width-initial elementor-widget elementor-widget-text-editor\" data-id=\"f347eb0\" data-element_type=\"widget\" data-e-type=\"widget\" data-widget_type=\"text-editor.default\">\n\t\t\t\t\t\t\t\t\t<ul><li class=\"whitespace-normal break-words pl-2\">Acc\u00e8s \u00e0 des biens pr\u00e9sent\u00e9s en exclusivit\u00e9 et hors march\u00e9<\/li><li class=\"whitespace-normal break-words pl-2\">Analyse patrimoniale et fiscale de votre projet d&rsquo;acquisition<\/li><li class=\"whitespace-normal break-words pl-2\">Audit juridique approfondi avant signature<\/li><li class=\"whitespace-normal break-words pl-2\">Accompagnement int\u00e9gr\u00e9 jusqu&rsquo;\u00e0 la r\u00e9daction de l&rsquo;acte authentique<\/li><\/ul>\t\t\t\t\t\t\t\t<\/div>\n\t\t\t\t<\/div>\n\t\t\t\t\t<\/div>\n\t\t\t\t<\/div>\n\t\t<div class=\"elementor-element elementor-element-a909685 e-flex e-con-boxed e-con e-parent\" data-id=\"a909685\" data-element_type=\"container\" data-e-type=\"container\">\n\t\t\t\t\t<div class=\"e-con-inner\">\n\t\t\t\t<div class=\"elementor-element elementor-element-61d2279 elementor-widget elementor-widget-heading\" data-id=\"61d2279\" data-element_type=\"widget\" data-e-type=\"widget\" data-widget_type=\"heading.default\">\n\t\t\t\t\t<h1 class=\"elementor-heading-title elementor-size-default\">Parlez-nous de votre projet<\/h1>\t\t\t\t<\/div>\n\t\t\t\t\t<\/div>\n\t\t\t\t<\/div>\n\t\t<div class=\"elementor-element elementor-element-fb57c4f e-flex e-con-boxed e-con e-parent\" data-id=\"fb57c4f\" data-element_type=\"container\" data-e-type=\"container\">\n\t\t\t\t\t<div class=\"e-con-inner\">\n\t\t\t\t<div class=\"elementor-element elementor-element-568f100 elementor-button-align-stretch elementor-widget elementor-widget-form\" data-id=\"568f100\" data-element_type=\"widget\" data-e-type=\"widget\" data-settings=\"{&quot;step_next_label&quot;:&quot;Next&quot;,&quot;step_previous_label&quot;:&quot;Previous&quot;,&quot;button_width&quot;:&quot;100&quot;,&quot;step_type&quot;:&quot;number_text&quot;,&quot;step_icon_shape&quot;:&quot;circle&quot;}\" data-widget_type=\"form.default\">\n\t\t\t\t\t\t\t<form class=\"elementor-form\" method=\"post\" name=\"Formulaire n\u00e9gociation immobili\u00e8re\" aria-label=\"Formulaire n\u00e9gociation immobili\u00e8re\">\n\t\t\t<input type=\"hidden\" name=\"post_id\" value=\"1137\"\/>\n\t\t\t<input type=\"hidden\" name=\"form_id\" value=\"568f100\"\/>\n\t\t\t<input type=\"hidden\" name=\"referer_title\" value=\"N\u00e9gociation immobili\u00e8re - DMA-1791\" \/>\n\n\t\t\t\t\t\t\t<input type=\"hidden\" name=\"queried_id\" value=\"1137\"\/>\n\t\t\t\n\t\t\t<div class=\"elementor-form-fields-wrapper elementor-labels-above\">\n\t\t\t\t\t\t\t\t<div class=\"elementor-field-type-text elementor-field-group elementor-column elementor-field-group-name elementor-col-100 elementor-field-required\">\n\t\t\t\t\t\t\t\t\t\t\t\t<label for=\"form-field-name\" class=\"elementor-field-label\">\n\t\t\t\t\t\t\t\tNom Pr\u00e9nom*\t\t\t\t\t\t\t<\/label>\n\t\t\t\t\t\t\t\t\t\t\t\t\t\t<input size=\"1\" type=\"text\" name=\"form_fields[name]\" id=\"form-field-name\" class=\"elementor-field elementor-size-sm  elementor-field-textual\" placeholder=\"Jean Didier\" required=\"required\">\n\t\t\t\t\t\t\t\t\t\t\t<\/div>\n\t\t\t\t\t\t\t\t<div class=\"elementor-field-type-email elementor-field-group elementor-column elementor-field-group-email elementor-col-100 elementor-field-required\">\n\t\t\t\t\t\t\t\t\t\t\t\t<label for=\"form-field-email\" class=\"elementor-field-label\">\n\t\t\t\t\t\t\t\tEmail*\t\t\t\t\t\t\t<\/label>\n\t\t\t\t\t\t\t\t\t\t\t\t\t\t<input size=\"1\" type=\"email\" name=\"form_fields[email]\" id=\"form-field-email\" class=\"elementor-field elementor-size-sm  elementor-field-textual\" placeholder=\"jean.didier@gmail.com\" required=\"required\">\n\t\t\t\t\t\t\t\t\t\t\t<\/div>\n\t\t\t\t\t\t\t\t<div class=\"elementor-field-type-textarea elementor-field-group elementor-column elementor-field-group-field_49b53b8 elementor-col-100 elementor-field-required\">\n\t\t\t\t\t\t\t\t\t\t\t\t<label for=\"form-field-field_49b53b8\" class=\"elementor-field-label\">\n\t\t\t\t\t\t\t\tT\u00e9l\u00e9phone\t\t\t\t\t\t\t<\/label>\n\t\t\t\t\t\t<textarea class=\"elementor-field-textual elementor-field  elementor-size-sm\" name=\"form_fields[field_49b53b8]\" id=\"form-field-field_49b53b8\" rows=\"4\" placeholder=\"06 00 00 00 00\" required=\"required\"><\/textarea>\t\t\t\t<\/div>\n\t\t\t\t\t\t\t\t<div class=\"elementor-field-type-select elementor-field-group elementor-column elementor-field-group-field_cf56780 elementor-col-100 elementor-field-required\">\n\t\t\t\t\t\t\t\t\t\t\t\t<label for=\"form-field-field_cf56780\" class=\"elementor-field-label\">\n\t\t\t\t\t\t\t\tVotre projet\t\t\t\t\t\t\t<\/label>\n\t\t\t\t\t\t\t\t<div class=\"elementor-field elementor-select-wrapper remove-before \">\n\t\t\t<div class=\"select-caret-down-wrapper\">\n\t\t\t\t<svg aria-hidden=\"true\" class=\"e-font-icon-svg e-eicon-caret-down\" viewBox=\"0 0 571.4 571.4\" xmlns=\"http:\/\/www.w3.org\/2000\/svg\"><path d=\"M571 393Q571 407 561 418L311 668Q300 679 286 679T261 668L11 418Q0 407 0 393T11 368 36 357H536Q550 357 561 368T571 393Z\"><\/path><\/svg>\t\t\t<\/div>\n\t\t\t<select name=\"form_fields[field_cf56780]\" id=\"form-field-field_cf56780\" class=\"elementor-field-textual elementor-size-sm\" required=\"required\">\n\t\t\t\t\t\t\t\t\t<option value=\"Vente\">Vente<\/option>\n\t\t\t\t\t\t\t\t\t<option value=\"Acquisition\">Acquisition<\/option>\n\t\t\t\t\t\t\t\t\t<option value=\"Les deux\">Les deux<\/option>\n\t\t\t\t\t\t\t<\/select>\n\t\t<\/div>\n\t\t\t\t\t\t<\/div>\n\t\t\t\t\t\t\t\t<div class=\"elementor-field-type-textarea elementor-field-group elementor-column elementor-field-group-message elementor-col-100 elementor-field-required\">\n\t\t\t\t\t\t\t\t\t\t\t\t<label for=\"form-field-message\" class=\"elementor-field-label\">\n\t\t\t\t\t\t\t\tMessage\t\t\t\t\t\t\t<\/label>\n\t\t\t\t\t\t<textarea class=\"elementor-field-textual elementor-field  elementor-size-sm\" name=\"form_fields[message]\" id=\"form-field-message\" rows=\"4\" placeholder=\"Pr\u00e9cisez-nous vos crit\u00e8res de recherche type de bien quartier privil\u00e9gi\u00e9 surface souhait\u00e9e et tout \u00e9l\u00e9ment utile \u00e0 la compr\u00e9hension de votre projet.\" required=\"required\"><\/textarea>\t\t\t\t<\/div>\n\t\t\t\t\t\t\t\t<div class=\"elementor-field-group elementor-column elementor-field-type-submit elementor-col-100 e-form__buttons\">\n\t\t\t\t\t<button class=\"elementor-button elementor-size-sm\" type=\"submit\">\n\t\t\t\t\t\t<span class=\"elementor-button-content-wrapper\">\n\t\t\t\t\t\t\t\t\t\t\t\t\t\t\t\t\t\t\t\t\t\t<span class=\"elementor-button-text\">Envoyer<\/span>\n\t\t\t\t\t\t\t\t\t\t\t\t\t<\/span>\n\t\t\t\t\t<\/button>\n\t\t\t\t<\/div>\n\t\t\t<\/div>\n\t\t<\/form>\n\t\t\t\t\t\t<\/div>\n\t\t\t\t\t<\/div>\n\t\t\t\t<\/div>\n\t\t\t\t<\/div>\n\t\t","protected":false},"excerpt":{"rendered":"<p>N\u00e9gociation immobili\u00e8re La discr\u00e9tion et la s\u00e9curit\u00e9 du notariat au service de vos projets immobiliers Notre \u00e9tude vous accompagne dans la vente et l&rsquo;acquisition de biens immobiliers avec l&rsquo;exigence et la confidentialit\u00e9 propres au notariat. En confiant votre projet \u00e0 DMA 1791 vous b\u00e9n\u00e9ficiez d&rsquo;une approche int\u00e9gr\u00e9e o\u00f9 la recherche de contrepartie la n\u00e9gociation et [&hellip;]<\/p>\n","protected":false},"author":2,"featured_media":0,"parent":0,"menu_order":0,"comment_status":"closed","ping_status":"closed","template":"","meta":{"apbe_headline":"","apbe_seo_keywords":"","apbe_slug":"","apbe_summary":"","apbe_social":"","footnotes":""},"class_list":["post-1137","page","type-page","status-publish","hentry"],"yoast_head":"<!-- This site is optimized with the Yoast SEO plugin v27.2 - https:\/\/yoast.com\/product\/yoast-seo-wordpress\/ -->\n<title>N\u00e9gociation immobili\u00e8re - DMA-1791<\/title>\n<meta name=\"robots\" content=\"index, follow, max-snippet:-1, max-image-preview:large, max-video-preview:-1\" \/>\n<link rel=\"canonical\" href=\"https:\/\/client22.s1.notaires-ia.fr\/?page_id=1137\" \/>\n<meta property=\"og:locale\" content=\"fr_FR\" \/>\n<meta property=\"og:type\" content=\"article\" \/>\n<meta property=\"og:title\" content=\"N\u00e9gociation immobili\u00e8re - DMA-1791\" \/>\n<meta property=\"og:description\" content=\"N\u00e9gociation immobili\u00e8re La discr\u00e9tion et la s\u00e9curit\u00e9 du notariat au service de vos projets immobiliers Notre \u00e9tude vous accompagne dans la vente et l&rsquo;acquisition de biens immobiliers avec l&rsquo;exigence et la confidentialit\u00e9 propres au notariat. En confiant votre projet \u00e0 DMA 1791 vous b\u00e9n\u00e9ficiez d&rsquo;une approche int\u00e9gr\u00e9e o\u00f9 la recherche de contrepartie la n\u00e9gociation et [&hellip;]\" \/>\n<meta property=\"og:url\" content=\"https:\/\/client22.s1.notaires-ia.fr\/?page_id=1137\" \/>\n<meta property=\"og:site_name\" content=\"DMA-1791\" \/>\n<meta property=\"article:modified_time\" content=\"2026-04-15T14:09:03+00:00\" \/>\n<meta name=\"twitter:card\" content=\"summary_large_image\" \/>\n<meta name=\"twitter:label1\" content=\"Dur\u00e9e de lecture estim\u00e9e\" \/>\n\t<meta name=\"twitter:data1\" content=\"2 minutes\" \/>\n<script type=\"application\/ld+json\" class=\"yoast-schema-graph\">{\"@context\":\"https:\/\/schema.org\",\"@graph\":[{\"@type\":\"WebPage\",\"@id\":\"https:\/\/client22.s1.notaires-ia.fr\/?page_id=1137\",\"url\":\"https:\/\/client22.s1.notaires-ia.fr\/?page_id=1137\",\"name\":\"N\u00e9gociation immobili\u00e8re - DMA-1791\",\"isPartOf\":{\"@id\":\"https:\/\/client22.s1.notaires-ia.fr\/#website\"},\"datePublished\":\"2026-04-15T07:29:50+00:00\",\"dateModified\":\"2026-04-15T14:09:03+00:00\",\"breadcrumb\":{\"@id\":\"https:\/\/client22.s1.notaires-ia.fr\/?page_id=1137#breadcrumb\"},\"inLanguage\":\"fr-FR\",\"potentialAction\":[{\"@type\":\"ReadAction\",\"target\":[\"https:\/\/client22.s1.notaires-ia.fr\/?page_id=1137\"]}]},{\"@type\":\"BreadcrumbList\",\"@id\":\"https:\/\/client22.s1.notaires-ia.fr\/?page_id=1137#breadcrumb\",\"itemListElement\":[{\"@type\":\"ListItem\",\"position\":1,\"name\":\"Home\",\"item\":\"https:\/\/client22.s1.notaires-ia.fr\/\"},{\"@type\":\"ListItem\",\"position\":2,\"name\":\"N\u00e9gociation immobili\u00e8re\"}]},{\"@type\":\"WebSite\",\"@id\":\"https:\/\/client22.s1.notaires-ia.fr\/#website\",\"url\":\"https:\/\/client22.s1.notaires-ia.fr\/\",\"name\":\"DMA-1791\",\"description\":\"\",\"potentialAction\":[{\"@type\":\"SearchAction\",\"target\":{\"@type\":\"EntryPoint\",\"urlTemplate\":\"https:\/\/client22.s1.notaires-ia.fr\/?s={search_term_string}\"},\"query-input\":{\"@type\":\"PropertyValueSpecification\",\"valueRequired\":true,\"valueName\":\"search_term_string\"}}],\"inLanguage\":\"fr-FR\"}]}<\/script>\n<!-- \/ Yoast SEO plugin. -->","yoast_head_json":{"title":"N\u00e9gociation immobili\u00e8re - DMA-1791","robots":{"index":"index","follow":"follow","max-snippet":"max-snippet:-1","max-image-preview":"max-image-preview:large","max-video-preview":"max-video-preview:-1"},"canonical":"https:\/\/client22.s1.notaires-ia.fr\/?page_id=1137","og_locale":"fr_FR","og_type":"article","og_title":"N\u00e9gociation immobili\u00e8re - DMA-1791","og_description":"N\u00e9gociation immobili\u00e8re La discr\u00e9tion et la s\u00e9curit\u00e9 du notariat au service de vos projets immobiliers Notre \u00e9tude vous accompagne dans la vente et l&rsquo;acquisition de biens immobiliers avec l&rsquo;exigence et la confidentialit\u00e9 propres au notariat. En confiant votre projet \u00e0 DMA 1791 vous b\u00e9n\u00e9ficiez d&rsquo;une approche int\u00e9gr\u00e9e o\u00f9 la recherche de contrepartie la n\u00e9gociation et [&hellip;]","og_url":"https:\/\/client22.s1.notaires-ia.fr\/?page_id=1137","og_site_name":"DMA-1791","article_modified_time":"2026-04-15T14:09:03+00:00","twitter_card":"summary_large_image","twitter_misc":{"Dur\u00e9e de lecture estim\u00e9e":"2 minutes"},"schema":{"@context":"https:\/\/schema.org","@graph":[{"@type":"WebPage","@id":"https:\/\/client22.s1.notaires-ia.fr\/?page_id=1137","url":"https:\/\/client22.s1.notaires-ia.fr\/?page_id=1137","name":"N\u00e9gociation immobili\u00e8re - DMA-1791","isPartOf":{"@id":"https:\/\/client22.s1.notaires-ia.fr\/#website"},"datePublished":"2026-04-15T07:29:50+00:00","dateModified":"2026-04-15T14:09:03+00:00","breadcrumb":{"@id":"https:\/\/client22.s1.notaires-ia.fr\/?page_id=1137#breadcrumb"},"inLanguage":"fr-FR","potentialAction":[{"@type":"ReadAction","target":["https:\/\/client22.s1.notaires-ia.fr\/?page_id=1137"]}]},{"@type":"BreadcrumbList","@id":"https:\/\/client22.s1.notaires-ia.fr\/?page_id=1137#breadcrumb","itemListElement":[{"@type":"ListItem","position":1,"name":"Home","item":"https:\/\/client22.s1.notaires-ia.fr\/"},{"@type":"ListItem","position":2,"name":"N\u00e9gociation immobili\u00e8re"}]},{"@type":"WebSite","@id":"https:\/\/client22.s1.notaires-ia.fr\/#website","url":"https:\/\/client22.s1.notaires-ia.fr\/","name":"DMA-1791","description":"","potentialAction":[{"@type":"SearchAction","target":{"@type":"EntryPoint","urlTemplate":"https:\/\/client22.s1.notaires-ia.fr\/?s={search_term_string}"},"query-input":{"@type":"PropertyValueSpecification","valueRequired":true,"valueName":"search_term_string"}}],"inLanguage":"fr-FR"}]}},"_links":{"self":[{"href":"https:\/\/client22.s1.notaires-ia.fr\/index.php?rest_route=\/wp\/v2\/pages\/1137","targetHints":{"allow":["GET"]}}],"collection":[{"href":"https:\/\/client22.s1.notaires-ia.fr\/index.php?rest_route=\/wp\/v2\/pages"}],"about":[{"href":"https:\/\/client22.s1.notaires-ia.fr\/index.php?rest_route=\/wp\/v2\/types\/page"}],"author":[{"embeddable":true,"href":"https:\/\/client22.s1.notaires-ia.fr\/index.php?rest_route=\/wp\/v2\/users\/2"}],"replies":[{"embeddable":true,"href":"https:\/\/client22.s1.notaires-ia.fr\/index.php?rest_route=%2Fwp%2Fv2%2Fcomments&post=1137"}],"version-history":[{"count":28,"href":"https:\/\/client22.s1.notaires-ia.fr\/index.php?rest_route=\/wp\/v2\/pages\/1137\/revisions"}],"predecessor-version":[{"id":1320,"href":"https:\/\/client22.s1.notaires-ia.fr\/index.php?rest_route=\/wp\/v2\/pages\/1137\/revisions\/1320"}],"wp:attachment":[{"href":"https:\/\/client22.s1.notaires-ia.fr\/index.php?rest_route=%2Fwp%2Fv2%2Fmedia&parent=1137"}],"curies":[{"name":"wp","href":"https:\/\/api.w.org\/{rel}","templated":true}]}}