{"id":1118,"date":"2026-04-14T15:57:54","date_gmt":"2026-04-14T15:57:54","guid":{"rendered":"https:\/\/client22.s1.notaires-ia.fr\/?page_id=1118"},"modified":"2026-04-15T09:11:15","modified_gmt":"2026-04-15T09:11:15","slug":"immobilier","status":"publish","type":"page","link":"https:\/\/client22.s1.notaires-ia.fr\/?page_id=1118","title":{"rendered":"Immobilier"},"content":{"rendered":"\t\t<div data-elementor-type=\"wp-page\" data-elementor-id=\"1118\" class=\"elementor elementor-1118\" data-elementor-post-type=\"page\">\n\t\t\t\t<div class=\"elementor-element elementor-element-19d821b5 e-flex e-con-boxed e-con e-parent\" data-id=\"19d821b5\" data-element_type=\"container\" data-e-type=\"container\" data-settings=\"{&quot;background_background&quot;:&quot;classic&quot;}\">\n\t\t\t\t\t<div class=\"e-con-inner\">\n\t\t\t\t<div class=\"elementor-element elementor-element-5aa51ab8 elementor-widget elementor-widget-heading\" data-id=\"5aa51ab8\" data-element_type=\"widget\" data-e-type=\"widget\" data-widget_type=\"heading.default\">\n\t\t\t\t\t<h1 class=\"elementor-heading-title elementor-size-default\">IMMOBILIER<\/h1>\t\t\t\t<\/div>\n\t\t\t\t<div class=\"elementor-element elementor-element-6a1d71f8 elementor-widget elementor-widget-heading\" data-id=\"6a1d71f8\" data-element_type=\"widget\" data-e-type=\"widget\" data-widget_type=\"heading.default\">\n\t\t\t\t\t<h2 class=\"elementor-heading-title elementor-size-default\">De l'acquisition \u00e0 la promotion un accompagnement sur mesure pour tous vos projets immobiliers<\/h2>\t\t\t\t<\/div>\n\t\t\t\t<div class=\"elementor-element elementor-element-49d9a49d elementor-align-center elementor-widget elementor-widget-button\" data-id=\"49d9a49d\" data-element_type=\"widget\" data-e-type=\"widget\" data-widget_type=\"button.default\">\n\t\t\t\t\t\t\t\t\t\t<a class=\"elementor-button elementor-button-link elementor-size-sm\" href=\"https:\/\/client22.s1.notaires-ia.fr\/?page_id=539\" target=\"_blank\">\n\t\t\t\t\t\t<span class=\"elementor-button-content-wrapper\">\n\t\t\t\t\t\t\t\t\t<span class=\"elementor-button-text\">Prendre RDV<\/span>\n\t\t\t\t\t<\/span>\n\t\t\t\t\t<\/a>\n\t\t\t\t\t\t\t\t<\/div>\n\t\t\t\t\t<\/div>\n\t\t\t\t<\/div>\n\t\t<div class=\"elementor-element elementor-element-2beabe58 e-flex e-con-boxed e-con e-parent\" data-id=\"2beabe58\" data-element_type=\"container\" data-e-type=\"container\">\n\t\t\t\t\t<div class=\"e-con-inner\">\n\t\t\t\t<div class=\"elementor-element elementor-element-24f5ef2c elementor-widget elementor-widget-text-editor\" data-id=\"24f5ef2c\" data-element_type=\"widget\" data-e-type=\"widget\" data-widget_type=\"text-editor.default\">\n\t\t\t\t\t\t\t\t\t<p data-start=\"894\" data-end=\"1254\">Notre p\u00f4le immobilier intervient aux c\u00f4t\u00e9s des particuliers des professionnels des fonci\u00e8res et des soci\u00e9t\u00e9s d&rsquo;investissement sur l&rsquo;ensemble de leurs op\u00e9rations. Acquisition cession promotion baux ou am\u00e9nagement nous mobilisons l&rsquo;expertise de nos \u00e9quipes pour s\u00e9curiser vos projets et identifier les montages juridiques les plus adapt\u00e9s \u00e0 vos objectifs.<\/p>\t\t\t\t\t\t\t\t<\/div>\n\t\t\t\t\t<\/div>\n\t\t\t\t<\/div>\n\t\t<div class=\"elementor-element elementor-element-415a84e0 e-grid e-con-full e-con e-child\" data-id=\"415a84e0\" data-element_type=\"container\" data-e-type=\"container\">\n\t\t\t\t<div class=\"elementor-element elementor-element-34cc144 elementor-widget elementor-widget-ucaddon_lord_icon\" data-id=\"34cc144\" data-element_type=\"widget\" data-e-type=\"widget\" data-widget_type=\"ucaddon_lord_icon.default\">\n\t\t\t\t<div class=\"elementor-widget-container\">\n\t\t\t\t\t\n<!-- start Lordicon: Animated Icons -->\n<style>\/* widget: Lordicon: Animated Icons *\/\n\n#uc_lord_icon_elementor_34cc144{\n  transition:0.3s;\n  display:flex;\n  position: relative;\n}\n\n#uc_lord_icon_elementor_34cc144 .ue-lord-icon-link{\n  position: absolute;\n  width: 100%;\n  height: 100%;\n  top: 0;\n  left: 0;\n}\n\n#uc_lord_icon_elementor_34cc144 .ue-lord-icon-holder{\n  display: inline-flex;\n  justify-content: center;\n  align-items: center;\n}\n\n#uc_lord_icon_elementor_34cc144 .ue-lord-icon-holder{\n    }\n\n#uc_lord_icon_elementor_34cc144 lord-icon{\n  flex-shrink:0;\n  flex-grow:0;\n}\n\n#uc_lord_icon_elementor_34cc144 .ue-box-button{\n  width:100%;\n}\n\n#uc_lord_icon_elementor_34cc144 .ue-btn {\n\ttext-decoration:none;\n\ttransition: 0.3s;\n    text-align:center;\n}\n\n\t.ue-box-title    {\n      font-size:21px;\n    }\n\n\n\n\n@keyframes pulseuc_lord_icon_elementor_34cc144 {\n\t 0% {\n\t\ttransform: scale(0.95);\n\t\tbox-shadow: 0 0 0 0 #b6b6b6;\n\t}\n\t\n\t70% {\n\t\ttransform: scale(1);\n\t\tbox-shadow: 0 0 0 20px #b6b6b6;\n\t}\n\t\n\t100% {\n\t\ttransform: scale(0.95);\n\t\tbox-shadow: 0 0 0 0 #b6b6b6;\n\t}\n}\n\n<\/style>\n\n<div id=\"uc_lord_icon_elementor_34cc144\" class=\"ue-lord-icon-wrapper \">\n  \n      <div class=\"ue-lord-icon-inner\">\n      <div class=\"ue-lord-icon-holder\">\n        <lord-icon\n            aria-label=\"ACQUISITIONS & VENTES IMMOBILI\u00c8RES\"\n            role=\"img\"\n            src=\"https:\/\/cdn.lordicon.com\/jeuxydnh.json\"                   \n            trigger=\"click\"\n                                                                    delay=\"0\"\n            stroke=\"light\"\n            colors=\"primary:#788B7A,secondary:#CFB375\">\n        <\/lord-icon>\n      <\/div>\n    <\/div>\n  \n  <div class=\"ue-lord-icon-contet\">\n    <div class=\"ue-box-title\">ACQUISITIONS & VENTES IMMOBILI\u00c8RES<\/div>    <div class=\"ue-box-text\"><p data-start=\"102\" data-end=\"244\">Nous accompagnons particuliers et investisseurs dans l'ensemble de leurs op\u00e9rations d'acquisition et de cession immobili\u00e8re en conduisant les audits n\u00e9cessaires et en s\u00e9curisant chaque \u00e9tape jusqu'\u00e0 la signature.<\/p><\/div>      <\/div>\n  \n  \n<\/div>\n  \n<!-- Animated icons by Lordicon.com -->\n<!-- end Lordicon: Animated Icons -->\t\t\t\t<\/div>\n\t\t\t\t<\/div>\n\t\t\t\t<div class=\"elementor-element elementor-element-7aa80b54 elementor-widget elementor-widget-ucaddon_lord_icon\" data-id=\"7aa80b54\" data-element_type=\"widget\" data-e-type=\"widget\" data-widget_type=\"ucaddon_lord_icon.default\">\n\t\t\t\t<div class=\"elementor-widget-container\">\n\t\t\t\t\t\n<!-- start Lordicon: Animated Icons -->\n<style>\/* widget: Lordicon: Animated Icons *\/\n\n#uc_lord_icon_elementor_7aa80b54{\n  transition:0.3s;\n  display:flex;\n  position: relative;\n}\n\n#uc_lord_icon_elementor_7aa80b54 .ue-lord-icon-link{\n  position: absolute;\n  width: 100%;\n  height: 100%;\n  top: 0;\n  left: 0;\n}\n\n#uc_lord_icon_elementor_7aa80b54 .ue-lord-icon-holder{\n  display: inline-flex;\n  justify-content: center;\n  align-items: center;\n}\n\n#uc_lord_icon_elementor_7aa80b54 .ue-lord-icon-holder{\n    }\n\n#uc_lord_icon_elementor_7aa80b54 lord-icon{\n  flex-shrink:0;\n  flex-grow:0;\n}\n\n#uc_lord_icon_elementor_7aa80b54 .ue-box-button{\n  width:100%;\n}\n\n#uc_lord_icon_elementor_7aa80b54 .ue-btn {\n\ttext-decoration:none;\n\ttransition: 0.3s;\n    text-align:center;\n}\n\n\n\n\n@keyframes pulseuc_lord_icon_elementor_7aa80b54 {\n\t 0% {\n\t\ttransform: scale(0.95);\n\t\tbox-shadow: 0 0 0 0 #b6b6b6;\n\t}\n\t\n\t70% {\n\t\ttransform: scale(1);\n\t\tbox-shadow: 0 0 0 20px #b6b6b6;\n\t}\n\t\n\t100% {\n\t\ttransform: scale(0.95);\n\t\tbox-shadow: 0 0 0 0 #b6b6b6;\n\t}\n}\n\n<\/style>\n\n<div id=\"uc_lord_icon_elementor_7aa80b54\" class=\"ue-lord-icon-wrapper \">\n  \n      <div class=\"ue-lord-icon-inner\">\n      <div class=\"ue-lord-icon-holder\">\n        <lord-icon\n            aria-label=\"BAUX & FONDS DE COMMERCE\"\n            role=\"img\"\n            src=\"https:\/\/cdn.lordicon.com\/hmpomorl.json\"                   \n            trigger=\"click\"\n                                                                    delay=\"0\"\n            stroke=\"light\"\n            colors=\"primary:#788B7A,secondary:#CFB375\">\n        <\/lord-icon>\n      <\/div>\n    <\/div>\n  \n  <div class=\"ue-lord-icon-contet\">\n    <div class=\"ue-box-title\">BAUX & FONDS DE COMMERCE<\/div>    <div class=\"ue-box-text\"><p data-start=\"102\" data-end=\"244\">Nous r\u00e9digeons les baux commerciaux emphyt\u00e9otiques \u00e0 construction ainsi que les cessions de fonds de commerce en int\u00e9grant les sp\u00e9cificit\u00e9s fiscales et juridiques de chaque op\u00e9ration.<\/p><\/div>      <\/div>\n  \n  \n<\/div>\n  \n<!-- Animated icons by Lordicon.com -->\n<!-- end Lordicon: Animated Icons -->\t\t\t\t<\/div>\n\t\t\t\t<\/div>\n\t\t\t\t<div class=\"elementor-element elementor-element-23125c83 elementor-widget elementor-widget-ucaddon_lord_icon\" data-id=\"23125c83\" data-element_type=\"widget\" data-e-type=\"widget\" data-widget_type=\"ucaddon_lord_icon.default\">\n\t\t\t\t<div class=\"elementor-widget-container\">\n\t\t\t\t\t\n<!-- start Lordicon: Animated Icons -->\n<style>\/* widget: Lordicon: Animated Icons *\/\n\n#uc_lord_icon_elementor_23125c83{\n  transition:0.3s;\n  display:flex;\n  position: relative;\n}\n\n#uc_lord_icon_elementor_23125c83 .ue-lord-icon-link{\n  position: absolute;\n  width: 100%;\n  height: 100%;\n  top: 0;\n  left: 0;\n}\n\n#uc_lord_icon_elementor_23125c83 .ue-lord-icon-holder{\n  display: inline-flex;\n  justify-content: center;\n  align-items: center;\n}\n\n#uc_lord_icon_elementor_23125c83 .ue-lord-icon-holder{\n    }\n\n#uc_lord_icon_elementor_23125c83 lord-icon{\n  flex-shrink:0;\n  flex-grow:0;\n}\n\n#uc_lord_icon_elementor_23125c83 .ue-box-button{\n  width:100%;\n}\n\n#uc_lord_icon_elementor_23125c83 .ue-btn {\n\ttext-decoration:none;\n\ttransition: 0.3s;\n    text-align:center;\n}\n\n\n\n\n@keyframes pulseuc_lord_icon_elementor_23125c83 {\n\t 0% {\n\t\ttransform: scale(0.95);\n\t\tbox-shadow: 0 0 0 0 #b6b6b6;\n\t}\n\t\n\t70% {\n\t\ttransform: scale(1);\n\t\tbox-shadow: 0 0 0 20px #b6b6b6;\n\t}\n\t\n\t100% {\n\t\ttransform: scale(0.95);\n\t\tbox-shadow: 0 0 0 0 #b6b6b6;\n\t}\n}\n\n<\/style>\n\n<div id=\"uc_lord_icon_elementor_23125c83\" class=\"ue-lord-icon-wrapper \">\n  \n      <div class=\"ue-lord-icon-inner\">\n      <div class=\"ue-lord-icon-holder\">\n        <lord-icon\n            aria-label=\"PROMOTION IMMOBILI\u00c8RE\"\n            role=\"img\"\n            src=\"https:\/\/cdn.lordicon.com\/gedafywj.json\"                   \n            trigger=\"click\"\n                                                                    delay=\"0\"\n            stroke=\"light\"\n            colors=\"primary:#788B7A,secondary:#CFB375\">\n        <\/lord-icon>\n      <\/div>\n    <\/div>\n  \n  <div class=\"ue-lord-icon-contet\">\n    <div class=\"ue-box-title\">PROMOTION IMMOBILI\u00c8RE<\/div>    <div class=\"ue-box-text\"><p data-start=\"102\" data-end=\"244\">Nous accompagnons les promoteurs de l'acquisition du terrain \u00e0 la livraison en mettant en place l'organisation juridique des b\u00e2timents copropri\u00e9t\u00e9 ou volum\u00e9trie et en encadrant les ventes en l'\u00e9tat futur d'ach\u00e8vement.<\/p><\/div>      <\/div>\n  \n  \n<\/div>\n  \n<!-- Animated icons by Lordicon.com -->\n<!-- end Lordicon: Animated Icons -->\t\t\t\t<\/div>\n\t\t\t\t<\/div>\n\t\t\t\t<\/div>\n\t\t<div class=\"elementor-element elementor-element-523a951a e-grid e-con-full e-con e-child\" data-id=\"523a951a\" data-element_type=\"container\" data-e-type=\"container\">\n\t\t\t\t<div class=\"elementor-element elementor-element-59821d14 elementor-widget elementor-widget-ucaddon_lord_icon\" data-id=\"59821d14\" data-element_type=\"widget\" data-e-type=\"widget\" data-widget_type=\"ucaddon_lord_icon.default\">\n\t\t\t\t<div class=\"elementor-widget-container\">\n\t\t\t\t\t\n<!-- start Lordicon: Animated Icons -->\n<style>\/* widget: Lordicon: Animated Icons *\/\n\n#uc_lord_icon_elementor_59821d14{\n  transition:0.3s;\n  display:flex;\n  position: relative;\n}\n\n#uc_lord_icon_elementor_59821d14 .ue-lord-icon-link{\n  position: absolute;\n  width: 100%;\n  height: 100%;\n  top: 0;\n  left: 0;\n}\n\n#uc_lord_icon_elementor_59821d14 .ue-lord-icon-holder{\n  display: inline-flex;\n  justify-content: center;\n  align-items: center;\n}\n\n#uc_lord_icon_elementor_59821d14 .ue-lord-icon-holder{\n    }\n\n#uc_lord_icon_elementor_59821d14 lord-icon{\n  flex-shrink:0;\n  flex-grow:0;\n}\n\n#uc_lord_icon_elementor_59821d14 .ue-box-button{\n  width:100%;\n}\n\n#uc_lord_icon_elementor_59821d14 .ue-btn {\n\ttext-decoration:none;\n\ttransition: 0.3s;\n    text-align:center;\n}\n\n\n\n\n@keyframes pulseuc_lord_icon_elementor_59821d14 {\n\t 0% {\n\t\ttransform: scale(0.95);\n\t\tbox-shadow: 0 0 0 0 #b6b6b6;\n\t}\n\t\n\t70% {\n\t\ttransform: scale(1);\n\t\tbox-shadow: 0 0 0 20px #b6b6b6;\n\t}\n\t\n\t100% {\n\t\ttransform: scale(0.95);\n\t\tbox-shadow: 0 0 0 0 #b6b6b6;\n\t}\n}\n\n<\/style>\n\n<div id=\"uc_lord_icon_elementor_59821d14\" class=\"ue-lord-icon-wrapper \">\n  \n      <div class=\"ue-lord-icon-inner\">\n      <div class=\"ue-lord-icon-holder\">\n        <lord-icon\n            aria-label=\"OP\u00c9RATIONS FONCI\u00c8RES & AM\u00c9NAGEMENT\"\n            role=\"img\"\n            src=\"https:\/\/cdn.lordicon.com\/pmwljrdr.json\"                   \n            trigger=\"click\"\n                                                                    delay=\"0\"\n            stroke=\"light\"\n            colors=\"primary:#788B7A,secondary:#CFB375\">\n        <\/lord-icon>\n      <\/div>\n    <\/div>\n  \n  <div class=\"ue-lord-icon-contet\">\n    <div class=\"ue-box-title\">OP\u00c9RATIONS FONCI\u00c8RES & AM\u00c9NAGEMENT<\/div>    <div class=\"ue-box-text\"><p data-start=\"1566\" data-end=\"1701\">Nous intervenons sur les op\u00e9rations d'am\u00e9nagement et d'urbanisme aux c\u00f4t\u00e9s des promoteurs et des personnes morales de droit public d\u00e9sireuses d'organiser ou de r\u00e9organiser leur patrimoine immobilier au service de leurs missions.<\/p><\/div>      <\/div>\n  \n  \n<\/div>\n  \n<!-- Animated icons by Lordicon.com -->\n<!-- end Lordicon: Animated Icons -->\t\t\t\t<\/div>\n\t\t\t\t<\/div>\n\t\t\t\t<div class=\"elementor-element elementor-element-499acd74 elementor-widget elementor-widget-ucaddon_lord_icon\" data-id=\"499acd74\" data-element_type=\"widget\" data-e-type=\"widget\" data-widget_type=\"ucaddon_lord_icon.default\">\n\t\t\t\t<div class=\"elementor-widget-container\">\n\t\t\t\t\t\n<!-- start Lordicon: Animated Icons -->\n<style>\/* widget: Lordicon: Animated Icons *\/\n\n#uc_lord_icon_elementor_499acd74{\n  transition:0.3s;\n  display:flex;\n  position: relative;\n}\n\n#uc_lord_icon_elementor_499acd74 .ue-lord-icon-link{\n  position: absolute;\n  width: 100%;\n  height: 100%;\n  top: 0;\n  left: 0;\n}\n\n#uc_lord_icon_elementor_499acd74 .ue-lord-icon-holder{\n  display: inline-flex;\n  justify-content: center;\n  align-items: center;\n}\n\n#uc_lord_icon_elementor_499acd74 .ue-lord-icon-holder{\n    }\n\n#uc_lord_icon_elementor_499acd74 lord-icon{\n  flex-shrink:0;\n  flex-grow:0;\n}\n\n#uc_lord_icon_elementor_499acd74 .ue-box-button{\n  width:100%;\n}\n\n#uc_lord_icon_elementor_499acd74 .ue-btn {\n\ttext-decoration:none;\n\ttransition: 0.3s;\n    text-align:center;\n}\n\n\n\n\n@keyframes pulseuc_lord_icon_elementor_499acd74 {\n\t 0% {\n\t\ttransform: scale(0.95);\n\t\tbox-shadow: 0 0 0 0 #b6b6b6;\n\t}\n\t\n\t70% {\n\t\ttransform: scale(1);\n\t\tbox-shadow: 0 0 0 20px #b6b6b6;\n\t}\n\t\n\t100% {\n\t\ttransform: scale(0.95);\n\t\tbox-shadow: 0 0 0 0 #b6b6b6;\n\t}\n}\n\n<\/style>\n\n<div id=\"uc_lord_icon_elementor_499acd74\" class=\"ue-lord-icon-wrapper \">\n  \n      <div class=\"ue-lord-icon-inner\">\n      <div class=\"ue-lord-icon-holder\">\n        <lord-icon\n            aria-label=\"MONTAGES & DROIT PUBLIC IMMOBILIER\"\n            role=\"img\"\n            src=\"https:\/\/cdn.lordicon.com\/muazaykr.json\"                   \n            trigger=\"click\"\n                                                                    delay=\"0\"\n            stroke=\"light\"\n            colors=\"primary:#788B7A,secondary:#CFB375\">\n        <\/lord-icon>\n      <\/div>\n    <\/div>\n  \n  <div class=\"ue-lord-icon-contet\">\n    <div class=\"ue-box-title\">MONTAGES & DROIT PUBLIC IMMOBILIER<\/div>    <div class=\"ue-box-text\"><p data-start=\"1739\" data-end=\"1876\">Nous apportons notre expertise sur les probl\u00e9matiques particuli\u00e8res de droit public li\u00e9es \u00e0 l'occupation du domaine public aux services de transport ou \u00e0 l'organisation \u00e9v\u00e9nementielle ainsi que sur les montages juridiques complexes qu'elles impliquent.<\/p><\/div>      <\/div>\n  \n  \n<\/div>\n  \n<!-- Animated icons by Lordicon.com -->\n<!-- end Lordicon: Animated Icons -->\t\t\t\t<\/div>\n\t\t\t\t<\/div>\n\t\t\t\t<\/div>\n\t\t\t\t<\/div>\n\t\t","protected":false},"excerpt":{"rendered":"<p>IMMOBILIER De l&rsquo;acquisition \u00e0 la promotion un accompagnement sur mesure pour tous vos projets immobiliers Prendre RDV Notre p\u00f4le immobilier intervient aux c\u00f4t\u00e9s des particuliers des professionnels des fonci\u00e8res et des soci\u00e9t\u00e9s d&rsquo;investissement sur l&rsquo;ensemble de leurs op\u00e9rations. Acquisition cession promotion baux ou am\u00e9nagement nous mobilisons l&rsquo;expertise de nos \u00e9quipes pour s\u00e9curiser vos projets et [&hellip;]<\/p>\n","protected":false},"author":2,"featured_media":0,"parent":0,"menu_order":0,"comment_status":"closed","ping_status":"closed","template":"","meta":{"apbe_headline":"","apbe_seo_keywords":"","apbe_slug":"","apbe_summary":"","apbe_social":"","footnotes":""},"class_list":["post-1118","page","type-page","status-publish","hentry"],"yoast_head":"<!-- This site is optimized with the Yoast SEO plugin v27.2 - https:\/\/yoast.com\/product\/yoast-seo-wordpress\/ -->\n<title>Immobilier - DMA-1791<\/title>\n<meta name=\"robots\" content=\"index, follow, max-snippet:-1, max-image-preview:large, max-video-preview:-1\" \/>\n<link rel=\"canonical\" href=\"https:\/\/client22.s1.notaires-ia.fr\/?page_id=1118\" \/>\n<meta property=\"og:locale\" content=\"fr_FR\" \/>\n<meta property=\"og:type\" content=\"article\" \/>\n<meta property=\"og:title\" content=\"Immobilier - DMA-1791\" \/>\n<meta property=\"og:description\" content=\"IMMOBILIER De l&rsquo;acquisition \u00e0 la promotion un accompagnement sur mesure pour tous vos projets immobiliers Prendre RDV Notre p\u00f4le immobilier intervient aux c\u00f4t\u00e9s des particuliers des professionnels des fonci\u00e8res et des soci\u00e9t\u00e9s d&rsquo;investissement sur l&rsquo;ensemble de leurs op\u00e9rations. Acquisition cession promotion baux ou am\u00e9nagement nous mobilisons l&rsquo;expertise de nos \u00e9quipes pour s\u00e9curiser vos projets et [&hellip;]\" \/>\n<meta property=\"og:url\" content=\"https:\/\/client22.s1.notaires-ia.fr\/?page_id=1118\" \/>\n<meta property=\"og:site_name\" content=\"DMA-1791\" \/>\n<meta property=\"article:modified_time\" content=\"2026-04-15T09:11:15+00:00\" \/>\n<meta name=\"twitter:card\" content=\"summary_large_image\" \/>\n<meta name=\"twitter:label1\" content=\"Dur\u00e9e de lecture estim\u00e9e\" \/>\n\t<meta name=\"twitter:data1\" content=\"1 minute\" \/>\n<script type=\"application\/ld+json\" class=\"yoast-schema-graph\">{\"@context\":\"https:\/\/schema.org\",\"@graph\":[{\"@type\":\"WebPage\",\"@id\":\"https:\/\/client22.s1.notaires-ia.fr\/?page_id=1118\",\"url\":\"https:\/\/client22.s1.notaires-ia.fr\/?page_id=1118\",\"name\":\"Immobilier - DMA-1791\",\"isPartOf\":{\"@id\":\"https:\/\/client22.s1.notaires-ia.fr\/#website\"},\"datePublished\":\"2026-04-14T15:57:54+00:00\",\"dateModified\":\"2026-04-15T09:11:15+00:00\",\"breadcrumb\":{\"@id\":\"https:\/\/client22.s1.notaires-ia.fr\/?page_id=1118#breadcrumb\"},\"inLanguage\":\"fr-FR\",\"potentialAction\":[{\"@type\":\"ReadAction\",\"target\":[\"https:\/\/client22.s1.notaires-ia.fr\/?page_id=1118\"]}]},{\"@type\":\"BreadcrumbList\",\"@id\":\"https:\/\/client22.s1.notaires-ia.fr\/?page_id=1118#breadcrumb\",\"itemListElement\":[{\"@type\":\"ListItem\",\"position\":1,\"name\":\"Home\",\"item\":\"https:\/\/client22.s1.notaires-ia.fr\/\"},{\"@type\":\"ListItem\",\"position\":2,\"name\":\"Immobilier\"}]},{\"@type\":\"WebSite\",\"@id\":\"https:\/\/client22.s1.notaires-ia.fr\/#website\",\"url\":\"https:\/\/client22.s1.notaires-ia.fr\/\",\"name\":\"DMA-1791\",\"description\":\"\",\"potentialAction\":[{\"@type\":\"SearchAction\",\"target\":{\"@type\":\"EntryPoint\",\"urlTemplate\":\"https:\/\/client22.s1.notaires-ia.fr\/?s={search_term_string}\"},\"query-input\":{\"@type\":\"PropertyValueSpecification\",\"valueRequired\":true,\"valueName\":\"search_term_string\"}}],\"inLanguage\":\"fr-FR\"}]}<\/script>\n<!-- \/ Yoast SEO plugin. -->","yoast_head_json":{"title":"Immobilier - DMA-1791","robots":{"index":"index","follow":"follow","max-snippet":"max-snippet:-1","max-image-preview":"max-image-preview:large","max-video-preview":"max-video-preview:-1"},"canonical":"https:\/\/client22.s1.notaires-ia.fr\/?page_id=1118","og_locale":"fr_FR","og_type":"article","og_title":"Immobilier - DMA-1791","og_description":"IMMOBILIER De l&rsquo;acquisition \u00e0 la promotion un accompagnement sur mesure pour tous vos projets immobiliers Prendre RDV Notre p\u00f4le immobilier intervient aux c\u00f4t\u00e9s des particuliers des professionnels des fonci\u00e8res et des soci\u00e9t\u00e9s d&rsquo;investissement sur l&rsquo;ensemble de leurs op\u00e9rations. Acquisition cession promotion baux ou am\u00e9nagement nous mobilisons l&rsquo;expertise de nos \u00e9quipes pour s\u00e9curiser vos projets et [&hellip;]","og_url":"https:\/\/client22.s1.notaires-ia.fr\/?page_id=1118","og_site_name":"DMA-1791","article_modified_time":"2026-04-15T09:11:15+00:00","twitter_card":"summary_large_image","twitter_misc":{"Dur\u00e9e de lecture estim\u00e9e":"1 minute"},"schema":{"@context":"https:\/\/schema.org","@graph":[{"@type":"WebPage","@id":"https:\/\/client22.s1.notaires-ia.fr\/?page_id=1118","url":"https:\/\/client22.s1.notaires-ia.fr\/?page_id=1118","name":"Immobilier - DMA-1791","isPartOf":{"@id":"https:\/\/client22.s1.notaires-ia.fr\/#website"},"datePublished":"2026-04-14T15:57:54+00:00","dateModified":"2026-04-15T09:11:15+00:00","breadcrumb":{"@id":"https:\/\/client22.s1.notaires-ia.fr\/?page_id=1118#breadcrumb"},"inLanguage":"fr-FR","potentialAction":[{"@type":"ReadAction","target":["https:\/\/client22.s1.notaires-ia.fr\/?page_id=1118"]}]},{"@type":"BreadcrumbList","@id":"https:\/\/client22.s1.notaires-ia.fr\/?page_id=1118#breadcrumb","itemListElement":[{"@type":"ListItem","position":1,"name":"Home","item":"https:\/\/client22.s1.notaires-ia.fr\/"},{"@type":"ListItem","position":2,"name":"Immobilier"}]},{"@type":"WebSite","@id":"https:\/\/client22.s1.notaires-ia.fr\/#website","url":"https:\/\/client22.s1.notaires-ia.fr\/","name":"DMA-1791","description":"","potentialAction":[{"@type":"SearchAction","target":{"@type":"EntryPoint","urlTemplate":"https:\/\/client22.s1.notaires-ia.fr\/?s={search_term_string}"},"query-input":{"@type":"PropertyValueSpecification","valueRequired":true,"valueName":"search_term_string"}}],"inLanguage":"fr-FR"}]}},"_links":{"self":[{"href":"https:\/\/client22.s1.notaires-ia.fr\/index.php?rest_route=\/wp\/v2\/pages\/1118","targetHints":{"allow":["GET"]}}],"collection":[{"href":"https:\/\/client22.s1.notaires-ia.fr\/index.php?rest_route=\/wp\/v2\/pages"}],"about":[{"href":"https:\/\/client22.s1.notaires-ia.fr\/index.php?rest_route=\/wp\/v2\/types\/page"}],"author":[{"embeddable":true,"href":"https:\/\/client22.s1.notaires-ia.fr\/index.php?rest_route=\/wp\/v2\/users\/2"}],"replies":[{"embeddable":true,"href":"https:\/\/client22.s1.notaires-ia.fr\/index.php?rest_route=%2Fwp%2Fv2%2Fcomments&post=1118"}],"version-history":[{"count":16,"href":"https:\/\/client22.s1.notaires-ia.fr\/index.php?rest_route=\/wp\/v2\/pages\/1118\/revisions"}],"predecessor-version":[{"id":1250,"href":"https:\/\/client22.s1.notaires-ia.fr\/index.php?rest_route=\/wp\/v2\/pages\/1118\/revisions\/1250"}],"wp:attachment":[{"href":"https:\/\/client22.s1.notaires-ia.fr\/index.php?rest_route=%2Fwp%2Fv2%2Fmedia&parent=1118"}],"curies":[{"name":"wp","href":"https:\/\/api.w.org\/{rel}","templated":true}]}}