{"id":1100,"date":"2026-04-14T15:38:10","date_gmt":"2026-04-14T15:38:10","guid":{"rendered":"https:\/\/client22.s1.notaires-ia.fr\/?page_id=1100"},"modified":"2026-04-15T09:10:27","modified_gmt":"2026-04-15T09:10:27","slug":"famille","status":"publish","type":"page","link":"https:\/\/client22.s1.notaires-ia.fr\/?page_id=1100","title":{"rendered":"Famille"},"content":{"rendered":"\t\t<div data-elementor-type=\"wp-page\" data-elementor-id=\"1100\" class=\"elementor elementor-1100\" data-elementor-post-type=\"page\">\n\t\t\t\t<div class=\"elementor-element elementor-element-4e61af48 e-flex e-con-boxed e-con e-parent\" data-id=\"4e61af48\" data-element_type=\"container\" data-e-type=\"container\" data-settings=\"{&quot;background_background&quot;:&quot;classic&quot;}\">\n\t\t\t\t\t<div class=\"e-con-inner\">\n\t\t\t\t<div class=\"elementor-element elementor-element-70640438 elementor-widget elementor-widget-heading\" data-id=\"70640438\" data-element_type=\"widget\" data-e-type=\"widget\" data-widget_type=\"heading.default\">\n\t\t\t\t\t<h1 class=\"elementor-heading-title elementor-size-default\">FAMILLE<\/h1>\t\t\t\t<\/div>\n\t\t\t\t<div class=\"elementor-element elementor-element-7456c454 elementor-widget elementor-widget-heading\" data-id=\"7456c454\" data-element_type=\"widget\" data-e-type=\"widget\" data-widget_type=\"heading.default\">\n\t\t\t\t\t<h2 class=\"elementor-heading-title elementor-size-default\">\u00c0 chaque \u00e9tape de votre vie, le notaire conseiller des familles \u00e0 vos c\u00f4t\u00e9s<\/h2>\t\t\t\t<\/div>\n\t\t\t\t<div class=\"elementor-element elementor-element-98d0dad elementor-align-center elementor-widget elementor-widget-button\" data-id=\"98d0dad\" data-element_type=\"widget\" data-e-type=\"widget\" data-widget_type=\"button.default\">\n\t\t\t\t\t\t\t\t\t\t<a class=\"elementor-button elementor-button-link elementor-size-sm\" href=\"https:\/\/client22.s1.notaires-ia.fr\/?page_id=539\" target=\"_blank\">\n\t\t\t\t\t\t<span class=\"elementor-button-content-wrapper\">\n\t\t\t\t\t\t\t\t\t<span class=\"elementor-button-text\">Prendre RDV<\/span>\n\t\t\t\t\t<\/span>\n\t\t\t\t\t<\/a>\n\t\t\t\t\t\t\t\t<\/div>\n\t\t\t\t\t<\/div>\n\t\t\t\t<\/div>\n\t\t<div class=\"elementor-element elementor-element-70b0476c e-flex e-con-boxed e-con e-parent\" data-id=\"70b0476c\" data-element_type=\"container\" data-e-type=\"container\">\n\t\t\t\t\t<div class=\"e-con-inner\">\n\t\t\t\t<div class=\"elementor-element elementor-element-273a873c elementor-widget elementor-widget-text-editor\" data-id=\"273a873c\" data-element_type=\"widget\" data-e-type=\"widget\" data-widget_type=\"text-editor.default\">\n\t\t\t\t\t\t\t\t\t<p data-start=\"894\" data-end=\"1254\">Conseiller historique des familles, le notaire accompagne chaque \u00e9tape importante de la vie et garde la m\u00e9moire des actes qui la jalonnent. Notre \u00e9tude met \u00e0 votre service son expertise civile et fiscale pour anticiper, prot\u00e9ger et transmettre avec s\u00e9r\u00e9nit\u00e9.<\/p>\t\t\t\t\t\t\t\t<\/div>\n\t\t\t\t\t<\/div>\n\t\t\t\t<\/div>\n\t\t<div class=\"elementor-element elementor-element-8c6f1d4 e-grid e-con-full e-con e-child\" data-id=\"8c6f1d4\" data-element_type=\"container\" data-e-type=\"container\">\n\t\t\t\t<div class=\"elementor-element elementor-element-81b793b elementor-widget elementor-widget-ucaddon_lord_icon\" data-id=\"81b793b\" data-element_type=\"widget\" data-e-type=\"widget\" data-widget_type=\"ucaddon_lord_icon.default\">\n\t\t\t\t<div class=\"elementor-widget-container\">\n\t\t\t\t\t\n<!-- start Lordicon: Animated Icons -->\n<style>\/* widget: Lordicon: Animated Icons *\/\n\n#uc_lord_icon_elementor_81b793b{\n  transition:0.3s;\n  display:flex;\n  position: relative;\n}\n\n#uc_lord_icon_elementor_81b793b .ue-lord-icon-link{\n  position: absolute;\n  width: 100%;\n  height: 100%;\n  top: 0;\n  left: 0;\n}\n\n#uc_lord_icon_elementor_81b793b .ue-lord-icon-holder{\n  display: inline-flex;\n  justify-content: center;\n  align-items: center;\n}\n\n#uc_lord_icon_elementor_81b793b .ue-lord-icon-holder{\n    }\n\n#uc_lord_icon_elementor_81b793b lord-icon{\n  flex-shrink:0;\n  flex-grow:0;\n}\n\n#uc_lord_icon_elementor_81b793b .ue-box-button{\n  width:100%;\n}\n\n#uc_lord_icon_elementor_81b793b .ue-btn {\n\ttext-decoration:none;\n\ttransition: 0.3s;\n    text-align:center;\n}\n\n\t.ue-box-title    {\n      font-size:21px;\n    }\n\n\n\n\n@keyframes pulseuc_lord_icon_elementor_81b793b {\n\t 0% {\n\t\ttransform: scale(0.95);\n\t\tbox-shadow: 0 0 0 0 #b6b6b6;\n\t}\n\t\n\t70% {\n\t\ttransform: scale(1);\n\t\tbox-shadow: 0 0 0 20px #b6b6b6;\n\t}\n\t\n\t100% {\n\t\ttransform: scale(0.95);\n\t\tbox-shadow: 0 0 0 0 #b6b6b6;\n\t}\n}\n\n<\/style>\n\n<div id=\"uc_lord_icon_elementor_81b793b\" class=\"ue-lord-icon-wrapper \">\n  \n      <div class=\"ue-lord-icon-inner\">\n      <div class=\"ue-lord-icon-holder\">\n        <lord-icon\n            aria-label=\"UNION & CONTRAT DE MARIAGE\"\n            role=\"img\"\n            src=\"https:\/\/cdn.lordicon.com\/czmrowis.json\"                   \n            trigger=\"click\"\n                                                                    delay=\"0\"\n            stroke=\"light\"\n            colors=\"primary:#788B7A,secondary:#CFB375\">\n        <\/lord-icon>\n      <\/div>\n    <\/div>\n  \n  <div class=\"ue-lord-icon-contet\">\n    <div class=\"ue-box-title\">UNION & CONTRAT DE MARIAGE<\/div>    <div class=\"ue-box-text\"><p class=\"font-claude-response-body break-words whitespace-normal leading-[1.7]\">Nous vous conseillons sur le choix du r\u00e9gime matrimonial ou de la convention de PACS adapt\u00e9e \u00e0 votre situation personnelle et patrimoniale et r\u00e9digeons les contrats qui organisent durablement votre vie commune.<\/p><p class=\"font-claude-response-body break-words whitespace-normal leading-[1.7]\">\u00a0<\/p><\/div>      <\/div>\n  \n  \n<\/div>\n  \n<!-- Animated icons by Lordicon.com -->\n<!-- end Lordicon: Animated Icons -->\t\t\t\t<\/div>\n\t\t\t\t<\/div>\n\t\t\t\t<div class=\"elementor-element elementor-element-6acb8134 elementor-widget elementor-widget-ucaddon_lord_icon\" data-id=\"6acb8134\" data-element_type=\"widget\" data-e-type=\"widget\" data-widget_type=\"ucaddon_lord_icon.default\">\n\t\t\t\t<div class=\"elementor-widget-container\">\n\t\t\t\t\t\n<!-- start Lordicon: Animated Icons -->\n<style>\/* widget: Lordicon: Animated Icons *\/\n\n#uc_lord_icon_elementor_6acb8134{\n  transition:0.3s;\n  display:flex;\n  position: relative;\n}\n\n#uc_lord_icon_elementor_6acb8134 .ue-lord-icon-link{\n  position: absolute;\n  width: 100%;\n  height: 100%;\n  top: 0;\n  left: 0;\n}\n\n#uc_lord_icon_elementor_6acb8134 .ue-lord-icon-holder{\n  display: inline-flex;\n  justify-content: center;\n  align-items: center;\n}\n\n#uc_lord_icon_elementor_6acb8134 .ue-lord-icon-holder{\n    }\n\n#uc_lord_icon_elementor_6acb8134 lord-icon{\n  flex-shrink:0;\n  flex-grow:0;\n}\n\n#uc_lord_icon_elementor_6acb8134 .ue-box-button{\n  width:100%;\n}\n\n#uc_lord_icon_elementor_6acb8134 .ue-btn {\n\ttext-decoration:none;\n\ttransition: 0.3s;\n    text-align:center;\n}\n\n\n\n\n@keyframes pulseuc_lord_icon_elementor_6acb8134 {\n\t 0% {\n\t\ttransform: scale(0.95);\n\t\tbox-shadow: 0 0 0 0 #b6b6b6;\n\t}\n\t\n\t70% {\n\t\ttransform: scale(1);\n\t\tbox-shadow: 0 0 0 20px #b6b6b6;\n\t}\n\t\n\t100% {\n\t\ttransform: scale(0.95);\n\t\tbox-shadow: 0 0 0 0 #b6b6b6;\n\t}\n}\n\n<\/style>\n\n<div id=\"uc_lord_icon_elementor_6acb8134\" class=\"ue-lord-icon-wrapper \">\n  \n      <div class=\"ue-lord-icon-inner\">\n      <div class=\"ue-lord-icon-holder\">\n        <lord-icon\n            aria-label=\"DONATIONS & TRANSMISSIONS ANTICIP\u00c9ES\"\n            role=\"img\"\n            src=\"https:\/\/cdn.lordicon.com\/rcuovkuy.json\"                   \n            trigger=\"click\"\n                                                                    delay=\"0\"\n            stroke=\"light\"\n            colors=\"primary:#788B7A,secondary:#CFB375\">\n        <\/lord-icon>\n      <\/div>\n    <\/div>\n  \n  <div class=\"ue-lord-icon-contet\">\n    <div class=\"ue-box-title\">DONATIONS & TRANSMISSIONS ANTICIP\u00c9ES<\/div>    <div class=\"ue-box-text\"><p data-start=\"102\" data-end=\"244\">Nous vous accompagnons dans la pr\u00e9paration de la transmission de votre patrimoine par donation testament ou donation-partage afin de prot\u00e9ger vos proches et d'optimiser la fiscalit\u00e9 successorale.<\/p><\/div>      <\/div>\n  \n  \n<\/div>\n  \n<!-- Animated icons by Lordicon.com -->\n<!-- end Lordicon: Animated Icons -->\t\t\t\t<\/div>\n\t\t\t\t<\/div>\n\t\t\t\t<div class=\"elementor-element elementor-element-5d7138a2 elementor-widget elementor-widget-ucaddon_lord_icon\" data-id=\"5d7138a2\" data-element_type=\"widget\" data-e-type=\"widget\" data-widget_type=\"ucaddon_lord_icon.default\">\n\t\t\t\t<div class=\"elementor-widget-container\">\n\t\t\t\t\t\n<!-- start Lordicon: Animated Icons -->\n<style>\/* widget: Lordicon: Animated Icons *\/\n\n#uc_lord_icon_elementor_5d7138a2{\n  transition:0.3s;\n  display:flex;\n  position: relative;\n}\n\n#uc_lord_icon_elementor_5d7138a2 .ue-lord-icon-link{\n  position: absolute;\n  width: 100%;\n  height: 100%;\n  top: 0;\n  left: 0;\n}\n\n#uc_lord_icon_elementor_5d7138a2 .ue-lord-icon-holder{\n  display: inline-flex;\n  justify-content: center;\n  align-items: center;\n}\n\n#uc_lord_icon_elementor_5d7138a2 .ue-lord-icon-holder{\n    }\n\n#uc_lord_icon_elementor_5d7138a2 lord-icon{\n  flex-shrink:0;\n  flex-grow:0;\n}\n\n#uc_lord_icon_elementor_5d7138a2 .ue-box-button{\n  width:100%;\n}\n\n#uc_lord_icon_elementor_5d7138a2 .ue-btn {\n\ttext-decoration:none;\n\ttransition: 0.3s;\n    text-align:center;\n}\n\n\n\n\n@keyframes pulseuc_lord_icon_elementor_5d7138a2 {\n\t 0% {\n\t\ttransform: scale(0.95);\n\t\tbox-shadow: 0 0 0 0 #b6b6b6;\n\t}\n\t\n\t70% {\n\t\ttransform: scale(1);\n\t\tbox-shadow: 0 0 0 20px #b6b6b6;\n\t}\n\t\n\t100% {\n\t\ttransform: scale(0.95);\n\t\tbox-shadow: 0 0 0 0 #b6b6b6;\n\t}\n}\n\n<\/style>\n\n<div id=\"uc_lord_icon_elementor_5d7138a2\" class=\"ue-lord-icon-wrapper \">\n  \n      <div class=\"ue-lord-icon-inner\">\n      <div class=\"ue-lord-icon-holder\">\n        <lord-icon\n            aria-label=\"R\u00c8GLEMENT DE SUCCESSION\"\n            role=\"img\"\n            src=\"https:\/\/cdn.lordicon.com\/hmpomorl.json\"                   \n            trigger=\"click\"\n                                                                    delay=\"0\"\n            stroke=\"light\"\n            colors=\"primary:#788B7A,secondary:#CFB375\">\n        <\/lord-icon>\n      <\/div>\n    <\/div>\n  \n  <div class=\"ue-lord-icon-contet\">\n    <div class=\"ue-box-title\">R\u00c8GLEMENT DE SUCCESSION<\/div>    <div class=\"ue-box-text\"><p data-start=\"102\" data-end=\"244\">\u00c0 la suite de la perte d'un proche notre \u00e9quipe d\u00e9di\u00e9e aux successions prend en charge l'ensemble des d\u00e9marches civiles fiscales et patrimoniales pour all\u00e9ger la gestion de cette p\u00e9riode difficile.<\/p><\/div>      <\/div>\n  \n  \n<\/div>\n  \n<!-- Animated icons by Lordicon.com -->\n<!-- end Lordicon: Animated Icons -->\t\t\t\t<\/div>\n\t\t\t\t<\/div>\n\t\t\t\t<\/div>\n\t\t<div class=\"elementor-element elementor-element-6d6fb189 e-grid e-con-full e-con e-child\" data-id=\"6d6fb189\" data-element_type=\"container\" data-e-type=\"container\">\n\t\t\t\t<div class=\"elementor-element elementor-element-8d42e11 elementor-widget elementor-widget-ucaddon_lord_icon\" data-id=\"8d42e11\" data-element_type=\"widget\" data-e-type=\"widget\" data-widget_type=\"ucaddon_lord_icon.default\">\n\t\t\t\t<div class=\"elementor-widget-container\">\n\t\t\t\t\t\n<!-- start Lordicon: Animated Icons -->\n<style>\/* widget: Lordicon: Animated Icons *\/\n\n#uc_lord_icon_elementor_8d42e11{\n  transition:0.3s;\n  display:flex;\n  position: relative;\n}\n\n#uc_lord_icon_elementor_8d42e11 .ue-lord-icon-link{\n  position: absolute;\n  width: 100%;\n  height: 100%;\n  top: 0;\n  left: 0;\n}\n\n#uc_lord_icon_elementor_8d42e11 .ue-lord-icon-holder{\n  display: inline-flex;\n  justify-content: center;\n  align-items: center;\n}\n\n#uc_lord_icon_elementor_8d42e11 .ue-lord-icon-holder{\n    }\n\n#uc_lord_icon_elementor_8d42e11 lord-icon{\n  flex-shrink:0;\n  flex-grow:0;\n}\n\n#uc_lord_icon_elementor_8d42e11 .ue-box-button{\n  width:100%;\n}\n\n#uc_lord_icon_elementor_8d42e11 .ue-btn {\n\ttext-decoration:none;\n\ttransition: 0.3s;\n    text-align:center;\n}\n\n\n\n\n@keyframes pulseuc_lord_icon_elementor_8d42e11 {\n\t 0% {\n\t\ttransform: scale(0.95);\n\t\tbox-shadow: 0 0 0 0 #b6b6b6;\n\t}\n\t\n\t70% {\n\t\ttransform: scale(1);\n\t\tbox-shadow: 0 0 0 20px #b6b6b6;\n\t}\n\t\n\t100% {\n\t\ttransform: scale(0.95);\n\t\tbox-shadow: 0 0 0 0 #b6b6b6;\n\t}\n}\n\n<\/style>\n\n<div id=\"uc_lord_icon_elementor_8d42e11\" class=\"ue-lord-icon-wrapper \">\n  \n      <div class=\"ue-lord-icon-inner\">\n      <div class=\"ue-lord-icon-holder\">\n        <lord-icon\n            aria-label=\"DIVORCE & S\u00c9PARATION\"\n            role=\"img\"\n            src=\"https:\/\/cdn.lordicon.com\/whvtbbby.json\"                   \n            trigger=\"click\"\n                                                                    delay=\"0\"\n            stroke=\"light\"\n            colors=\"primary:#788B7A,secondary:#CFB375\">\n        <\/lord-icon>\n      <\/div>\n    <\/div>\n  \n  <div class=\"ue-lord-icon-contet\">\n    <div class=\"ue-box-title\">DIVORCE & S\u00c9PARATION<\/div>    <div class=\"ue-box-text\"><p data-start=\"1566\" data-end=\"1701\">Notre service d\u00e9di\u00e9 aux dossiers de divorce intervient aux c\u00f4t\u00e9s de vos avocats sur le volet civil et fiscal de la s\u00e9paration liquidation du r\u00e9gime matrimonial partage compensations et reconstruction patrimoniale.<\/p><\/div>      <\/div>\n  \n  \n<\/div>\n  \n<!-- Animated icons by Lordicon.com -->\n<!-- end Lordicon: Animated Icons -->\t\t\t\t<\/div>\n\t\t\t\t<\/div>\n\t\t\t\t<div class=\"elementor-element elementor-element-3a4f10c2 elementor-widget elementor-widget-ucaddon_lord_icon\" data-id=\"3a4f10c2\" data-element_type=\"widget\" data-e-type=\"widget\" data-widget_type=\"ucaddon_lord_icon.default\">\n\t\t\t\t<div class=\"elementor-widget-container\">\n\t\t\t\t\t\n<!-- start Lordicon: Animated Icons -->\n<style>\/* widget: Lordicon: Animated Icons *\/\n\n#uc_lord_icon_elementor_3a4f10c2{\n  transition:0.3s;\n  display:flex;\n  position: relative;\n}\n\n#uc_lord_icon_elementor_3a4f10c2 .ue-lord-icon-link{\n  position: absolute;\n  width: 100%;\n  height: 100%;\n  top: 0;\n  left: 0;\n}\n\n#uc_lord_icon_elementor_3a4f10c2 .ue-lord-icon-holder{\n  display: inline-flex;\n  justify-content: center;\n  align-items: center;\n}\n\n#uc_lord_icon_elementor_3a4f10c2 .ue-lord-icon-holder{\n    }\n\n#uc_lord_icon_elementor_3a4f10c2 lord-icon{\n  flex-shrink:0;\n  flex-grow:0;\n}\n\n#uc_lord_icon_elementor_3a4f10c2 .ue-box-button{\n  width:100%;\n}\n\n#uc_lord_icon_elementor_3a4f10c2 .ue-btn {\n\ttext-decoration:none;\n\ttransition: 0.3s;\n    text-align:center;\n}\n\n\n\n\n@keyframes pulseuc_lord_icon_elementor_3a4f10c2 {\n\t 0% {\n\t\ttransform: scale(0.95);\n\t\tbox-shadow: 0 0 0 0 #b6b6b6;\n\t}\n\t\n\t70% {\n\t\ttransform: scale(1);\n\t\tbox-shadow: 0 0 0 20px #b6b6b6;\n\t}\n\t\n\t100% {\n\t\ttransform: scale(0.95);\n\t\tbox-shadow: 0 0 0 0 #b6b6b6;\n\t}\n}\n\n<\/style>\n\n<div id=\"uc_lord_icon_elementor_3a4f10c2\" class=\"ue-lord-icon-wrapper \">\n  \n      <div class=\"ue-lord-icon-inner\">\n      <div class=\"ue-lord-icon-holder\">\n        <lord-icon\n            aria-label=\"PROTECTION DES PROCHES & FIN DE VIE\"\n            role=\"img\"\n            src=\"https:\/\/cdn.lordicon.com\/muazaykr.json\"                   \n            trigger=\"click\"\n                                                                    delay=\"0\"\n            stroke=\"light\"\n            colors=\"primary:#788B7A,secondary:#CFB375\">\n        <\/lord-icon>\n      <\/div>\n    <\/div>\n  \n  <div class=\"ue-lord-icon-contet\">\n    <div class=\"ue-box-title\">PROTECTION DES PROCHES & FIN DE VIE<\/div>    <div class=\"ue-box-text\"><p data-start=\"1739\" data-end=\"1876\">Nous mettons en place les dispositifs adapt\u00e9s \u00e0 la protection de votre conjoint de vos enfants ou d'un proche vuln\u00e9rable mandat de protection future adoption reconnaissance et am\u00e9nagement des dispositions de fin de vie.<\/p><\/div>      <\/div>\n  \n  \n<\/div>\n  \n<!-- Animated icons by Lordicon.com -->\n<!-- end Lordicon: Animated Icons -->\t\t\t\t<\/div>\n\t\t\t\t<\/div>\n\t\t\t\t<\/div>\n\t\t\t\t<\/div>\n\t\t","protected":false},"excerpt":{"rendered":"<p>FAMILLE \u00c0 chaque \u00e9tape de votre vie, le notaire conseiller des familles \u00e0 vos c\u00f4t\u00e9s Prendre RDV Conseiller historique des familles, le notaire accompagne chaque \u00e9tape importante de la vie et garde la m\u00e9moire des actes qui la jalonnent. Notre \u00e9tude met \u00e0 votre service son expertise civile et fiscale pour anticiper, prot\u00e9ger et transmettre [&hellip;]<\/p>\n","protected":false},"author":2,"featured_media":0,"parent":0,"menu_order":0,"comment_status":"closed","ping_status":"closed","template":"","meta":{"apbe_headline":"","apbe_seo_keywords":"","apbe_slug":"","apbe_summary":"","apbe_social":"","footnotes":""},"class_list":["post-1100","page","type-page","status-publish","hentry"],"yoast_head":"<!-- This site is optimized with the Yoast SEO plugin v27.2 - https:\/\/yoast.com\/product\/yoast-seo-wordpress\/ -->\n<title>Famille - DMA-1791<\/title>\n<meta name=\"robots\" content=\"index, follow, max-snippet:-1, max-image-preview:large, max-video-preview:-1\" \/>\n<link rel=\"canonical\" href=\"https:\/\/client22.s1.notaires-ia.fr\/?page_id=1100\" \/>\n<meta property=\"og:locale\" content=\"fr_FR\" \/>\n<meta property=\"og:type\" content=\"article\" \/>\n<meta property=\"og:title\" content=\"Famille - DMA-1791\" \/>\n<meta property=\"og:description\" content=\"FAMILLE \u00c0 chaque \u00e9tape de votre vie, le notaire conseiller des familles \u00e0 vos c\u00f4t\u00e9s Prendre RDV Conseiller historique des familles, le notaire accompagne chaque \u00e9tape importante de la vie et garde la m\u00e9moire des actes qui la jalonnent. Notre \u00e9tude met \u00e0 votre service son expertise civile et fiscale pour anticiper, prot\u00e9ger et transmettre [&hellip;]\" \/>\n<meta property=\"og:url\" content=\"https:\/\/client22.s1.notaires-ia.fr\/?page_id=1100\" \/>\n<meta property=\"og:site_name\" content=\"DMA-1791\" \/>\n<meta property=\"article:modified_time\" content=\"2026-04-15T09:10:27+00:00\" \/>\n<meta name=\"twitter:card\" content=\"summary_large_image\" \/>\n<meta name=\"twitter:label1\" content=\"Dur\u00e9e de lecture estim\u00e9e\" \/>\n\t<meta name=\"twitter:data1\" content=\"1 minute\" \/>\n<script type=\"application\/ld+json\" class=\"yoast-schema-graph\">{\"@context\":\"https:\/\/schema.org\",\"@graph\":[{\"@type\":\"WebPage\",\"@id\":\"https:\/\/client22.s1.notaires-ia.fr\/?page_id=1100\",\"url\":\"https:\/\/client22.s1.notaires-ia.fr\/?page_id=1100\",\"name\":\"Famille - DMA-1791\",\"isPartOf\":{\"@id\":\"https:\/\/client22.s1.notaires-ia.fr\/#website\"},\"datePublished\":\"2026-04-14T15:38:10+00:00\",\"dateModified\":\"2026-04-15T09:10:27+00:00\",\"breadcrumb\":{\"@id\":\"https:\/\/client22.s1.notaires-ia.fr\/?page_id=1100#breadcrumb\"},\"inLanguage\":\"fr-FR\",\"potentialAction\":[{\"@type\":\"ReadAction\",\"target\":[\"https:\/\/client22.s1.notaires-ia.fr\/?page_id=1100\"]}]},{\"@type\":\"BreadcrumbList\",\"@id\":\"https:\/\/client22.s1.notaires-ia.fr\/?page_id=1100#breadcrumb\",\"itemListElement\":[{\"@type\":\"ListItem\",\"position\":1,\"name\":\"Home\",\"item\":\"https:\/\/client22.s1.notaires-ia.fr\/\"},{\"@type\":\"ListItem\",\"position\":2,\"name\":\"Famille\"}]},{\"@type\":\"WebSite\",\"@id\":\"https:\/\/client22.s1.notaires-ia.fr\/#website\",\"url\":\"https:\/\/client22.s1.notaires-ia.fr\/\",\"name\":\"DMA-1791\",\"description\":\"\",\"potentialAction\":[{\"@type\":\"SearchAction\",\"target\":{\"@type\":\"EntryPoint\",\"urlTemplate\":\"https:\/\/client22.s1.notaires-ia.fr\/?s={search_term_string}\"},\"query-input\":{\"@type\":\"PropertyValueSpecification\",\"valueRequired\":true,\"valueName\":\"search_term_string\"}}],\"inLanguage\":\"fr-FR\"}]}<\/script>\n<!-- \/ Yoast SEO plugin. -->","yoast_head_json":{"title":"Famille - DMA-1791","robots":{"index":"index","follow":"follow","max-snippet":"max-snippet:-1","max-image-preview":"max-image-preview:large","max-video-preview":"max-video-preview:-1"},"canonical":"https:\/\/client22.s1.notaires-ia.fr\/?page_id=1100","og_locale":"fr_FR","og_type":"article","og_title":"Famille - DMA-1791","og_description":"FAMILLE \u00c0 chaque \u00e9tape de votre vie, le notaire conseiller des familles \u00e0 vos c\u00f4t\u00e9s Prendre RDV Conseiller historique des familles, le notaire accompagne chaque \u00e9tape importante de la vie et garde la m\u00e9moire des actes qui la jalonnent. Notre \u00e9tude met \u00e0 votre service son expertise civile et fiscale pour anticiper, prot\u00e9ger et transmettre [&hellip;]","og_url":"https:\/\/client22.s1.notaires-ia.fr\/?page_id=1100","og_site_name":"DMA-1791","article_modified_time":"2026-04-15T09:10:27+00:00","twitter_card":"summary_large_image","twitter_misc":{"Dur\u00e9e de lecture estim\u00e9e":"1 minute"},"schema":{"@context":"https:\/\/schema.org","@graph":[{"@type":"WebPage","@id":"https:\/\/client22.s1.notaires-ia.fr\/?page_id=1100","url":"https:\/\/client22.s1.notaires-ia.fr\/?page_id=1100","name":"Famille - DMA-1791","isPartOf":{"@id":"https:\/\/client22.s1.notaires-ia.fr\/#website"},"datePublished":"2026-04-14T15:38:10+00:00","dateModified":"2026-04-15T09:10:27+00:00","breadcrumb":{"@id":"https:\/\/client22.s1.notaires-ia.fr\/?page_id=1100#breadcrumb"},"inLanguage":"fr-FR","potentialAction":[{"@type":"ReadAction","target":["https:\/\/client22.s1.notaires-ia.fr\/?page_id=1100"]}]},{"@type":"BreadcrumbList","@id":"https:\/\/client22.s1.notaires-ia.fr\/?page_id=1100#breadcrumb","itemListElement":[{"@type":"ListItem","position":1,"name":"Home","item":"https:\/\/client22.s1.notaires-ia.fr\/"},{"@type":"ListItem","position":2,"name":"Famille"}]},{"@type":"WebSite","@id":"https:\/\/client22.s1.notaires-ia.fr\/#website","url":"https:\/\/client22.s1.notaires-ia.fr\/","name":"DMA-1791","description":"","potentialAction":[{"@type":"SearchAction","target":{"@type":"EntryPoint","urlTemplate":"https:\/\/client22.s1.notaires-ia.fr\/?s={search_term_string}"},"query-input":{"@type":"PropertyValueSpecification","valueRequired":true,"valueName":"search_term_string"}}],"inLanguage":"fr-FR"}]}},"_links":{"self":[{"href":"https:\/\/client22.s1.notaires-ia.fr\/index.php?rest_route=\/wp\/v2\/pages\/1100","targetHints":{"allow":["GET"]}}],"collection":[{"href":"https:\/\/client22.s1.notaires-ia.fr\/index.php?rest_route=\/wp\/v2\/pages"}],"about":[{"href":"https:\/\/client22.s1.notaires-ia.fr\/index.php?rest_route=\/wp\/v2\/types\/page"}],"author":[{"embeddable":true,"href":"https:\/\/client22.s1.notaires-ia.fr\/index.php?rest_route=\/wp\/v2\/users\/2"}],"replies":[{"embeddable":true,"href":"https:\/\/client22.s1.notaires-ia.fr\/index.php?rest_route=%2Fwp%2Fv2%2Fcomments&post=1100"}],"version-history":[{"count":10,"href":"https:\/\/client22.s1.notaires-ia.fr\/index.php?rest_route=\/wp\/v2\/pages\/1100\/revisions"}],"predecessor-version":[{"id":1244,"href":"https:\/\/client22.s1.notaires-ia.fr\/index.php?rest_route=\/wp\/v2\/pages\/1100\/revisions\/1244"}],"wp:attachment":[{"href":"https:\/\/client22.s1.notaires-ia.fr\/index.php?rest_route=%2Fwp%2Fv2%2Fmedia&parent=1100"}],"curies":[{"name":"wp","href":"https:\/\/api.w.org\/{rel}","templated":true}]}}